{"id":367,"date":"2021-04-30T16:56:27","date_gmt":"2021-04-30T13:56:27","guid":{"rendered":"http:\/\/www.kutupsogutma.net\/?post_type=product&#038;p=367"},"modified":"2021-04-30T16:56:27","modified_gmt":"2021-04-30T13:56:27","slug":"cayset-cayci-semaver-musluk-acik-tek-ck0002","status":"publish","type":"product","link":"http:\/\/www.kutupsogutma.net\/?product=cayset-cayci-semaver-musluk-acik-tek-ck0002","title":{"rendered":"\u00c7AYSET \u00c7AYCI SEMAVER MUSLUK A\u00c7IK TEK \u00c7K0002"},"content":{"rendered":"<p>\u00c7AYSET \u00c7AYCI SEMAVER MUSLUK A\u00c7IK TEK \u00c7K0002<\/p>\n","protected":false},"excerpt":{"rendered":"<p>\u00c7AYSET \u00c7AYCI SEMAVER MUSLUK A\u00c7IK TEK \u00c7K0002<\/p>\n","protected":false},"featured_media":368,"comment_status":"open","ping_status":"closed","template":"","meta":[],"product_cat":[55,54],"product_tag":[350,349,352,351],"_links":{"self":[{"href":"http:\/\/www.kutupsogutma.net\/index.php?rest_route=\/wp\/v2\/product\/367"}],"collection":[{"href":"http:\/\/www.kutupsogutma.net\/index.php?rest_route=\/wp\/v2\/product"}],"about":[{"href":"http:\/\/www.kutupsogutma.net\/index.php?rest_route=\/wp\/v2\/types\/product"}],"replies":[{"embeddable":true,"href":"http:\/\/www.kutupsogutma.net\/index.php?rest_route=%2Fwp%2Fv2%2Fcomments&post=367"}],"wp:featuredmedia":[{"embeddable":true,"href":"http:\/\/www.kutupsogutma.net\/index.php?rest_route=\/wp\/v2\/media\/368"}],"wp:attachment":[{"href":"http:\/\/www.kutupsogutma.net\/index.php?rest_route=%2Fwp%2Fv2%2Fmedia&parent=367"}],"wp:term":[{"taxonomy":"product_cat","embeddable":true,"href":"http:\/\/www.kutupsogutma.net\/index.php?rest_route=%2Fwp%2Fv2%2Fproduct_cat&post=367"},{"taxonomy":"product_tag","embeddable":true,"href":"http:\/\/www.kutupsogutma.net\/index.php?rest_route=%2Fwp%2Fv2%2Fproduct_tag&post=367"}],"curies":[{"name":"wp","href":"https:\/\/api.w.org\/{rel}","templated":true}]}}