{"id":365,"date":"2021-04-30T16:53:56","date_gmt":"2021-04-30T13:53:56","guid":{"rendered":"http:\/\/www.kutupsogutma.net\/?post_type=product&#038;p=365"},"modified":"2021-04-30T16:53:56","modified_gmt":"2021-04-30T13:53:56","slug":"cayset-cayci-semaver-musluk-acik-boru-ck0001","status":"publish","type":"product","link":"http:\/\/www.kutupsogutma.net\/?product=cayset-cayci-semaver-musluk-acik-boru-ck0001","title":{"rendered":"\u00c7AYSET \u00c7AYCI SEMAVER MUSLUK A\u00c7IK BORU \u00c7K0001"},"content":{"rendered":"<p>\u00c7AYSET \u00c7AYCI SEMAVER MUSLUK A\u00c7IK BORU \u00c7K0001<\/p>\n","protected":false},"excerpt":{"rendered":"<p>\u00c7AYSET \u00c7AYCI SEMAVER MUSLUK A\u00c7IK BORU \u00c7K0001<\/p>\n","protected":false},"featured_media":366,"comment_status":"open","ping_status":"closed","template":"","meta":[],"product_cat":[55,54],"product_tag":[348,345,346,347],"_links":{"self":[{"href":"http:\/\/www.kutupsogutma.net\/index.php?rest_route=\/wp\/v2\/product\/365"}],"collection":[{"href":"http:\/\/www.kutupsogutma.net\/index.php?rest_route=\/wp\/v2\/product"}],"about":[{"href":"http:\/\/www.kutupsogutma.net\/index.php?rest_route=\/wp\/v2\/types\/product"}],"replies":[{"embeddable":true,"href":"http:\/\/www.kutupsogutma.net\/index.php?rest_route=%2Fwp%2Fv2%2Fcomments&post=365"}],"wp:featuredmedia":[{"embeddable":true,"href":"http:\/\/www.kutupsogutma.net\/index.php?rest_route=\/wp\/v2\/media\/366"}],"wp:attachment":[{"href":"http:\/\/www.kutupsogutma.net\/index.php?rest_route=%2Fwp%2Fv2%2Fmedia&parent=365"}],"wp:term":[{"taxonomy":"product_cat","embeddable":true,"href":"http:\/\/www.kutupsogutma.net\/index.php?rest_route=%2Fwp%2Fv2%2Fproduct_cat&post=365"},{"taxonomy":"product_tag","embeddable":true,"href":"http:\/\/www.kutupsogutma.net\/index.php?rest_route=%2Fwp%2Fv2%2Fproduct_tag&post=365"}],"curies":[{"name":"wp","href":"https:\/\/api.w.org\/{rel}","templated":true}]}}