{"id":361,"date":"2021-04-30T16:49:47","date_gmt":"2021-04-30T13:49:47","guid":{"rendered":"http:\/\/www.kutupsogutma.net\/?post_type=product&#038;p=361"},"modified":"2021-04-30T16:49:47","modified_gmt":"2021-04-30T13:49:47","slug":"cayset-semaver-cay-kazani-rezistans-silindir-ck1002","status":"publish","type":"product","link":"http:\/\/www.kutupsogutma.net\/?product=cayset-semaver-cay-kazani-rezistans-silindir-ck1002","title":{"rendered":"\u00c7AYSET SEMAVER \u00c7AY KAZANI REZ\u0130STANS S\u0130L\u0130ND\u0130R \u00c7K1002"},"content":{"rendered":"<p>\u00c7AYSET SEMAVER \u00c7AY KAZANI REZ\u0130STANS S\u0130L\u0130ND\u0130R \u00c7K1002<\/p>\n","protected":false},"excerpt":{"rendered":"<p>\u00c7AYSET SEMAVER \u00c7AY KAZANI REZ\u0130STANS S\u0130L\u0130ND\u0130R \u00c7K1002<\/p>\n","protected":false},"featured_media":362,"comment_status":"open","ping_status":"closed","template":"","meta":[],"product_cat":[56,54],"product_tag":[340,339,338,341],"_links":{"self":[{"href":"http:\/\/www.kutupsogutma.net\/index.php?rest_route=\/wp\/v2\/product\/361"}],"collection":[{"href":"http:\/\/www.kutupsogutma.net\/index.php?rest_route=\/wp\/v2\/product"}],"about":[{"href":"http:\/\/www.kutupsogutma.net\/index.php?rest_route=\/wp\/v2\/types\/product"}],"replies":[{"embeddable":true,"href":"http:\/\/www.kutupsogutma.net\/index.php?rest_route=%2Fwp%2Fv2%2Fcomments&post=361"}],"wp:featuredmedia":[{"embeddable":true,"href":"http:\/\/www.kutupsogutma.net\/index.php?rest_route=\/wp\/v2\/media\/362"}],"wp:attachment":[{"href":"http:\/\/www.kutupsogutma.net\/index.php?rest_route=%2Fwp%2Fv2%2Fmedia&parent=361"}],"wp:term":[{"taxonomy":"product_cat","embeddable":true,"href":"http:\/\/www.kutupsogutma.net\/index.php?rest_route=%2Fwp%2Fv2%2Fproduct_cat&post=361"},{"taxonomy":"product_tag","embeddable":true,"href":"http:\/\/www.kutupsogutma.net\/index.php?rest_route=%2Fwp%2Fv2%2Fproduct_tag&post=361"}],"curies":[{"name":"wp","href":"https:\/\/api.w.org\/{rel}","templated":true}]}}