{"id":357,"date":"2021-04-30T16:45:33","date_gmt":"2021-04-30T13:45:33","guid":{"rendered":"http:\/\/www.kutupsogutma.net\/?post_type=product&#038;p=357"},"modified":"2021-04-30T16:45:33","modified_gmt":"2021-04-30T13:45:33","slug":"cayset-semaver-cay-kazani-rezistans-1500-watt-ck1000","status":"publish","type":"product","link":"http:\/\/www.kutupsogutma.net\/?product=cayset-semaver-cay-kazani-rezistans-1500-watt-ck1000","title":{"rendered":"\u00c7AYSET SEMAVER \u00c7AY KAZANI REZ\u0130STANS 1500 WATT \u00c7K1000"},"content":{"rendered":"<p>\u00c7AYSET SEMAVER \u00c7AY KAZANI REZ\u0130STANS 1500 WATT \u00c7K1000<\/p>\n","protected":false},"excerpt":{"rendered":"<p>\u00c7AYSET SEMAVER \u00c7AY KAZANI REZ\u0130STANS 1500 WATT \u00c7K1000<\/p>\n","protected":false},"featured_media":358,"comment_status":"open","ping_status":"closed","template":"","meta":[],"product_cat":[56,54],"product_tag":[332,331,334,333],"_links":{"self":[{"href":"http:\/\/www.kutupsogutma.net\/index.php?rest_route=\/wp\/v2\/product\/357"}],"collection":[{"href":"http:\/\/www.kutupsogutma.net\/index.php?rest_route=\/wp\/v2\/product"}],"about":[{"href":"http:\/\/www.kutupsogutma.net\/index.php?rest_route=\/wp\/v2\/types\/product"}],"replies":[{"embeddable":true,"href":"http:\/\/www.kutupsogutma.net\/index.php?rest_route=%2Fwp%2Fv2%2Fcomments&post=357"}],"wp:featuredmedia":[{"embeddable":true,"href":"http:\/\/www.kutupsogutma.net\/index.php?rest_route=\/wp\/v2\/media\/358"}],"wp:attachment":[{"href":"http:\/\/www.kutupsogutma.net\/index.php?rest_route=%2Fwp%2Fv2%2Fmedia&parent=357"}],"wp:term":[{"taxonomy":"product_cat","embeddable":true,"href":"http:\/\/www.kutupsogutma.net\/index.php?rest_route=%2Fwp%2Fv2%2Fproduct_cat&post=357"},{"taxonomy":"product_tag","embeddable":true,"href":"http:\/\/www.kutupsogutma.net\/index.php?rest_route=%2Fwp%2Fv2%2Fproduct_tag&post=357"}],"curies":[{"name":"wp","href":"https:\/\/api.w.org\/{rel}","templated":true}]}}