{"id":355,"date":"2021-04-30T16:39:59","date_gmt":"2021-04-30T13:39:59","guid":{"rendered":"http:\/\/www.kutupsogutma.net\/?post_type=product&#038;p=355"},"modified":"2021-04-30T16:40:00","modified_gmt":"2021-04-30T13:40:00","slug":"bulasik-makinesi-su-seviye-anahtari-prosestat-3-kontak-bm8000","status":"publish","type":"product","link":"http:\/\/www.kutupsogutma.net\/?product=bulasik-makinesi-su-seviye-anahtari-prosestat-3-kontak-bm8000","title":{"rendered":"BULA\u015eIK MAK\u0130NES\u0130 SU SEV\u0130YE ANAHTARI PROSESTAT 3 KONTAK BM8000"},"content":{"rendered":"<p>BULA\u015eIK MAK\u0130NES\u0130 SU SEV\u0130YE ANAHTARI PROSESTAT 3 KONTAK BM8000<\/p>\n","protected":false},"excerpt":{"rendered":"<p>BULA\u015eIK MAK\u0130NES\u0130 SU SEV\u0130YE ANAHTARI PROSESTAT 3 KONTAK BM8000<\/p>\n","protected":false},"featured_media":356,"comment_status":"open","ping_status":"closed","template":"","meta":[],"product_cat":[53,20],"product_tag":[330,329,328],"_links":{"self":[{"href":"http:\/\/www.kutupsogutma.net\/index.php?rest_route=\/wp\/v2\/product\/355"}],"collection":[{"href":"http:\/\/www.kutupsogutma.net\/index.php?rest_route=\/wp\/v2\/product"}],"about":[{"href":"http:\/\/www.kutupsogutma.net\/index.php?rest_route=\/wp\/v2\/types\/product"}],"replies":[{"embeddable":true,"href":"http:\/\/www.kutupsogutma.net\/index.php?rest_route=%2Fwp%2Fv2%2Fcomments&post=355"}],"wp:featuredmedia":[{"embeddable":true,"href":"http:\/\/www.kutupsogutma.net\/index.php?rest_route=\/wp\/v2\/media\/356"}],"wp:attachment":[{"href":"http:\/\/www.kutupsogutma.net\/index.php?rest_route=%2Fwp%2Fv2%2Fmedia&parent=355"}],"wp:term":[{"taxonomy":"product_cat","embeddable":true,"href":"http:\/\/www.kutupsogutma.net\/index.php?rest_route=%2Fwp%2Fv2%2Fproduct_cat&post=355"},{"taxonomy":"product_tag","embeddable":true,"href":"http:\/\/www.kutupsogutma.net\/index.php?rest_route=%2Fwp%2Fv2%2Fproduct_tag&post=355"}],"curies":[{"name":"wp","href":"https:\/\/api.w.org\/{rel}","templated":true}]}}