{"id":353,"date":"2021-04-30T16:38:32","date_gmt":"2021-04-30T13:38:32","guid":{"rendered":"http:\/\/www.kutupsogutma.net\/?post_type=product&#038;p=353"},"modified":"2021-04-30T16:38:32","modified_gmt":"2021-04-30T13:38:32","slug":"bulasik-makinesi-program-cihazi-arcelik-beko-bm7003","status":"publish","type":"product","link":"http:\/\/www.kutupsogutma.net\/?product=bulasik-makinesi-program-cihazi-arcelik-beko-bm7003","title":{"rendered":"BULA\u015eIK MAK\u0130NES\u0130 PROGRAM C\u0130HAZI AR\u00c7EL\u0130K-BEKO BM7003"},"content":{"rendered":"<p>BULA\u015eIK MAK\u0130NES\u0130 PROGRAM C\u0130HAZI AR\u00c7EL\u0130K-BEKO BM7003<\/p>\n","protected":false},"excerpt":{"rendered":"<p>BULA\u015eIK MAK\u0130NES\u0130 PROGRAM C\u0130HAZI AR\u00c7EL\u0130K-BEKO BM7003<\/p>\n","protected":false},"featured_media":354,"comment_status":"open","ping_status":"closed","template":"","meta":[],"product_cat":[52,20],"product_tag":[324,325,327,326,323,322],"_links":{"self":[{"href":"http:\/\/www.kutupsogutma.net\/index.php?rest_route=\/wp\/v2\/product\/353"}],"collection":[{"href":"http:\/\/www.kutupsogutma.net\/index.php?rest_route=\/wp\/v2\/product"}],"about":[{"href":"http:\/\/www.kutupsogutma.net\/index.php?rest_route=\/wp\/v2\/types\/product"}],"replies":[{"embeddable":true,"href":"http:\/\/www.kutupsogutma.net\/index.php?rest_route=%2Fwp%2Fv2%2Fcomments&post=353"}],"wp:featuredmedia":[{"embeddable":true,"href":"http:\/\/www.kutupsogutma.net\/index.php?rest_route=\/wp\/v2\/media\/354"}],"wp:attachment":[{"href":"http:\/\/www.kutupsogutma.net\/index.php?rest_route=%2Fwp%2Fv2%2Fmedia&parent=353"}],"wp:term":[{"taxonomy":"product_cat","embeddable":true,"href":"http:\/\/www.kutupsogutma.net\/index.php?rest_route=%2Fwp%2Fv2%2Fproduct_cat&post=353"},{"taxonomy":"product_tag","embeddable":true,"href":"http:\/\/www.kutupsogutma.net\/index.php?rest_route=%2Fwp%2Fv2%2Fproduct_tag&post=353"}],"curies":[{"name":"wp","href":"https:\/\/api.w.org\/{rel}","templated":true}]}}