{"id":342,"date":"2021-04-30T16:22:27","date_gmt":"2021-04-30T13:22:27","guid":{"rendered":"http:\/\/www.kutupsogutma.net\/?post_type=product&#038;p=342"},"modified":"2021-04-30T16:22:28","modified_gmt":"2021-04-30T13:22:28","slug":"bulasik-makinesi-on-kapak-mandal-kolu-arcelik-beko-ince-bm6001","status":"publish","type":"product","link":"http:\/\/www.kutupsogutma.net\/?product=bulasik-makinesi-on-kapak-mandal-kolu-arcelik-beko-ince-bm6001","title":{"rendered":"BULA\u015eIK MAK\u0130NES\u0130 \u00d6N KAPAK MANDAL KOLU AR\u00c7EL\u0130K-BEKO \u0130NCE BM6001"},"content":{"rendered":"<p>BULA\u015eIK MAK\u0130NES\u0130 \u00d6N KAPAK MANDAL KOLU AR\u00c7EL\u0130K-BEKO \u0130NCE BM6001<\/p>\n","protected":false},"excerpt":{"rendered":"<p>BULA\u015eIK MAK\u0130NES\u0130 \u00d6N KAPAK MANDAL KOLU AR\u00c7EL\u0130K-BEKO \u0130NCE BM6001<\/p>\n","protected":false},"featured_media":343,"comment_status":"open","ping_status":"closed","template":"","meta":[],"product_cat":[51,20],"product_tag":[295,296,294,293],"_links":{"self":[{"href":"http:\/\/www.kutupsogutma.net\/index.php?rest_route=\/wp\/v2\/product\/342"}],"collection":[{"href":"http:\/\/www.kutupsogutma.net\/index.php?rest_route=\/wp\/v2\/product"}],"about":[{"href":"http:\/\/www.kutupsogutma.net\/index.php?rest_route=\/wp\/v2\/types\/product"}],"replies":[{"embeddable":true,"href":"http:\/\/www.kutupsogutma.net\/index.php?rest_route=%2Fwp%2Fv2%2Fcomments&post=342"}],"wp:featuredmedia":[{"embeddable":true,"href":"http:\/\/www.kutupsogutma.net\/index.php?rest_route=\/wp\/v2\/media\/343"}],"wp:attachment":[{"href":"http:\/\/www.kutupsogutma.net\/index.php?rest_route=%2Fwp%2Fv2%2Fmedia&parent=342"}],"wp:term":[{"taxonomy":"product_cat","embeddable":true,"href":"http:\/\/www.kutupsogutma.net\/index.php?rest_route=%2Fwp%2Fv2%2Fproduct_cat&post=342"},{"taxonomy":"product_tag","embeddable":true,"href":"http:\/\/www.kutupsogutma.net\/index.php?rest_route=%2Fwp%2Fv2%2Fproduct_tag&post=342"}],"curies":[{"name":"wp","href":"https:\/\/api.w.org\/{rel}","templated":true}]}}