{"id":339,"date":"2021-04-30T16:20:41","date_gmt":"2021-04-30T13:20:41","guid":{"rendered":"http:\/\/www.kutupsogutma.net\/?post_type=product&#038;p=339"},"modified":"2021-04-30T16:20:42","modified_gmt":"2021-04-30T13:20:42","slug":"bulasik-makinesi-kilit-mekanizmasi-beko-arcelik-leydi-bm6000","status":"publish","type":"product","link":"http:\/\/www.kutupsogutma.net\/?product=bulasik-makinesi-kilit-mekanizmasi-beko-arcelik-leydi-bm6000","title":{"rendered":"BULA\u015eIK MAK\u0130NES\u0130 K\u0130L\u0130T MEKAN\u0130ZMASI BEKO-AR\u00c7EL\u0130K LEYD\u0130 BM6000"},"content":{"rendered":"<p>BULA\u015eIK MAK\u0130NES\u0130 K\u0130L\u0130T MEKAN\u0130ZMASI BEKO-AR\u00c7EL\u0130K LEYD\u0130 BM6000<\/p>\n","protected":false},"excerpt":{"rendered":"<p>BULA\u015eIK MAK\u0130NES\u0130 K\u0130L\u0130T MEKAN\u0130ZMASI BEKO-AR\u00c7EL\u0130K LEYD\u0130 BM6000<\/p>\n","protected":false},"featured_media":340,"comment_status":"open","ping_status":"closed","template":"","meta":[],"product_cat":[51,20],"product_tag":[291,292,287,286,289,290,285,288],"_links":{"self":[{"href":"http:\/\/www.kutupsogutma.net\/index.php?rest_route=\/wp\/v2\/product\/339"}],"collection":[{"href":"http:\/\/www.kutupsogutma.net\/index.php?rest_route=\/wp\/v2\/product"}],"about":[{"href":"http:\/\/www.kutupsogutma.net\/index.php?rest_route=\/wp\/v2\/types\/product"}],"replies":[{"embeddable":true,"href":"http:\/\/www.kutupsogutma.net\/index.php?rest_route=%2Fwp%2Fv2%2Fcomments&post=339"}],"wp:featuredmedia":[{"embeddable":true,"href":"http:\/\/www.kutupsogutma.net\/index.php?rest_route=\/wp\/v2\/media\/340"}],"wp:attachment":[{"href":"http:\/\/www.kutupsogutma.net\/index.php?rest_route=%2Fwp%2Fv2%2Fmedia&parent=339"}],"wp:term":[{"taxonomy":"product_cat","embeddable":true,"href":"http:\/\/www.kutupsogutma.net\/index.php?rest_route=%2Fwp%2Fv2%2Fproduct_cat&post=339"},{"taxonomy":"product_tag","embeddable":true,"href":"http:\/\/www.kutupsogutma.net\/index.php?rest_route=%2Fwp%2Fv2%2Fproduct_tag&post=339"}],"curies":[{"name":"wp","href":"https:\/\/api.w.org\/{rel}","templated":true}]}}