{"id":337,"date":"2021-04-30T16:18:22","date_gmt":"2021-04-30T13:18:22","guid":{"rendered":"http:\/\/www.kutupsogutma.net\/?post_type=product&#038;p=337"},"modified":"2021-04-30T16:18:22","modified_gmt":"2021-04-30T13:18:22","slug":"bulasik-makinesi-sepet-ray-kapagi-pim-tutucu-arka-bm5007","status":"publish","type":"product","link":"http:\/\/www.kutupsogutma.net\/?product=bulasik-makinesi-sepet-ray-kapagi-pim-tutucu-arka-bm5007","title":{"rendered":"BULA\u015eIK MAK\u0130NES\u0130 SEPET RAY KAPA\u011eI P\u0130M TUTUCU ARKA BM5007"},"content":{"rendered":"<p>BULA\u015eIK MAK\u0130NES\u0130 SEPET RAY KAPA\u011eI P\u0130M TUTUCU ARKA BM5007<\/p>\n","protected":false},"excerpt":{"rendered":"<p>BULA\u015eIK MAK\u0130NES\u0130 SEPET RAY KAPA\u011eI P\u0130M TUTUCU ARKA BM5007<\/p>\n","protected":false},"featured_media":338,"comment_status":"open","ping_status":"closed","template":"","meta":[],"product_cat":[50,20],"product_tag":[283,279,282,280,281,284],"_links":{"self":[{"href":"http:\/\/www.kutupsogutma.net\/index.php?rest_route=\/wp\/v2\/product\/337"}],"collection":[{"href":"http:\/\/www.kutupsogutma.net\/index.php?rest_route=\/wp\/v2\/product"}],"about":[{"href":"http:\/\/www.kutupsogutma.net\/index.php?rest_route=\/wp\/v2\/types\/product"}],"replies":[{"embeddable":true,"href":"http:\/\/www.kutupsogutma.net\/index.php?rest_route=%2Fwp%2Fv2%2Fcomments&post=337"}],"wp:featuredmedia":[{"embeddable":true,"href":"http:\/\/www.kutupsogutma.net\/index.php?rest_route=\/wp\/v2\/media\/338"}],"wp:attachment":[{"href":"http:\/\/www.kutupsogutma.net\/index.php?rest_route=%2Fwp%2Fv2%2Fmedia&parent=337"}],"wp:term":[{"taxonomy":"product_cat","embeddable":true,"href":"http:\/\/www.kutupsogutma.net\/index.php?rest_route=%2Fwp%2Fv2%2Fproduct_cat&post=337"},{"taxonomy":"product_tag","embeddable":true,"href":"http:\/\/www.kutupsogutma.net\/index.php?rest_route=%2Fwp%2Fv2%2Fproduct_tag&post=337"}],"curies":[{"name":"wp","href":"https:\/\/api.w.org\/{rel}","templated":true}]}}