{"id":335,"date":"2021-04-30T16:15:41","date_gmt":"2021-04-30T13:15:41","guid":{"rendered":"http:\/\/www.kutupsogutma.net\/?post_type=product&#038;p=335"},"modified":"2021-04-30T16:15:54","modified_gmt":"2021-04-30T13:15:54","slug":"bulasik-makinesi-sepet-ray-kapagi-pim-tutucu-on-bm5006","status":"publish","type":"product","link":"http:\/\/www.kutupsogutma.net\/?product=bulasik-makinesi-sepet-ray-kapagi-pim-tutucu-on-bm5006","title":{"rendered":"BULA\u015eIK MAK\u0130NES\u0130 SEPET RAY KAPA\u011eI P\u0130M TUTUCU \u00d6N BM5006"},"content":{"rendered":"<p>BULA\u015eIK MAK\u0130NES\u0130 SEPET RAY KAPA\u011eI P\u0130M TUTUCU \u00d6N BM5006<\/p>\n","protected":false},"excerpt":{"rendered":"<p>BULA\u015eIK MAK\u0130NES\u0130 SEPET RAY KAPA\u011eI P\u0130M TUTUCU \u00d6N BM5006<\/p>\n","protected":false},"featured_media":336,"comment_status":"open","ping_status":"closed","template":"","meta":[],"product_cat":[50,20],"product_tag":[278,279,277,280,276],"_links":{"self":[{"href":"http:\/\/www.kutupsogutma.net\/index.php?rest_route=\/wp\/v2\/product\/335"}],"collection":[{"href":"http:\/\/www.kutupsogutma.net\/index.php?rest_route=\/wp\/v2\/product"}],"about":[{"href":"http:\/\/www.kutupsogutma.net\/index.php?rest_route=\/wp\/v2\/types\/product"}],"replies":[{"embeddable":true,"href":"http:\/\/www.kutupsogutma.net\/index.php?rest_route=%2Fwp%2Fv2%2Fcomments&post=335"}],"wp:featuredmedia":[{"embeddable":true,"href":"http:\/\/www.kutupsogutma.net\/index.php?rest_route=\/wp\/v2\/media\/336"}],"wp:attachment":[{"href":"http:\/\/www.kutupsogutma.net\/index.php?rest_route=%2Fwp%2Fv2%2Fmedia&parent=335"}],"wp:term":[{"taxonomy":"product_cat","embeddable":true,"href":"http:\/\/www.kutupsogutma.net\/index.php?rest_route=%2Fwp%2Fv2%2Fproduct_cat&post=335"},{"taxonomy":"product_tag","embeddable":true,"href":"http:\/\/www.kutupsogutma.net\/index.php?rest_route=%2Fwp%2Fv2%2Fproduct_tag&post=335"}],"curies":[{"name":"wp","href":"https:\/\/api.w.org\/{rel}","templated":true}]}}