{"id":333,"date":"2021-04-30T16:13:40","date_gmt":"2021-04-30T13:13:40","guid":{"rendered":"http:\/\/www.kutupsogutma.net\/?post_type=product&#038;p=333"},"modified":"2021-04-30T16:13:41","modified_gmt":"2021-04-30T13:13:41","slug":"bulasik-makinesi-sepet-tekeri-arcelik-beko-gri-kucuk-bm5005","status":"publish","type":"product","link":"http:\/\/www.kutupsogutma.net\/?product=bulasik-makinesi-sepet-tekeri-arcelik-beko-gri-kucuk-bm5005","title":{"rendered":"BULA\u015eIK MAK\u0130NES\u0130 SEPET TEKER\u0130 AR\u00c7EL\u0130K-BEKO GR\u0130 K\u00dc\u00c7\u00dcK BM5005"},"content":{"rendered":"<p>BULA\u015eIK MAK\u0130NES\u0130 SEPET TEKER\u0130 AR\u00c7EL\u0130K-BEKO GR\u0130 K\u00dc\u00c7\u00dcK BM5005<\/p>\n","protected":false},"excerpt":{"rendered":"<p>BULA\u015eIK MAK\u0130NES\u0130 SEPET TEKER\u0130 AR\u00c7EL\u0130K-BEKO GR\u0130 K\u00dc\u00c7\u00dcK BM5005<\/p>\n","protected":false},"featured_media":334,"comment_status":"open","ping_status":"closed","template":"","meta":[],"product_cat":[50,20],"product_tag":[253,251,256,274,275],"_links":{"self":[{"href":"http:\/\/www.kutupsogutma.net\/index.php?rest_route=\/wp\/v2\/product\/333"}],"collection":[{"href":"http:\/\/www.kutupsogutma.net\/index.php?rest_route=\/wp\/v2\/product"}],"about":[{"href":"http:\/\/www.kutupsogutma.net\/index.php?rest_route=\/wp\/v2\/types\/product"}],"replies":[{"embeddable":true,"href":"http:\/\/www.kutupsogutma.net\/index.php?rest_route=%2Fwp%2Fv2%2Fcomments&post=333"}],"wp:featuredmedia":[{"embeddable":true,"href":"http:\/\/www.kutupsogutma.net\/index.php?rest_route=\/wp\/v2\/media\/334"}],"wp:attachment":[{"href":"http:\/\/www.kutupsogutma.net\/index.php?rest_route=%2Fwp%2Fv2%2Fmedia&parent=333"}],"wp:term":[{"taxonomy":"product_cat","embeddable":true,"href":"http:\/\/www.kutupsogutma.net\/index.php?rest_route=%2Fwp%2Fv2%2Fproduct_cat&post=333"},{"taxonomy":"product_tag","embeddable":true,"href":"http:\/\/www.kutupsogutma.net\/index.php?rest_route=%2Fwp%2Fv2%2Fproduct_tag&post=333"}],"curies":[{"name":"wp","href":"https:\/\/api.w.org\/{rel}","templated":true}]}}