{"id":331,"date":"2021-04-30T16:09:46","date_gmt":"2021-04-30T13:09:46","guid":{"rendered":"http:\/\/www.kutupsogutma.net\/?post_type=product&#038;p=331"},"modified":"2021-04-30T16:09:46","modified_gmt":"2021-04-30T13:09:46","slug":"bulasik-makinesi-sepet-tekeri-bosch-siemens-beyaz-buyuk-bm5004","status":"publish","type":"product","link":"http:\/\/www.kutupsogutma.net\/?product=bulasik-makinesi-sepet-tekeri-bosch-siemens-beyaz-buyuk-bm5004","title":{"rendered":"BULA\u015eIK MAK\u0130NES\u0130 SEPET TEKER\u0130 BOSCH-S\u0130EMENS BEYAZ B\u00dcY\u00dcK  BM5004"},"content":{"rendered":"<p>BULA\u015eIK MAK\u0130NES\u0130 SEPET TEKER\u0130 BOSCH-S\u0130EMENS BEYAZ B\u00dcY\u00dcK BM5004<\/p>\n","protected":false},"excerpt":{"rendered":"<p>BULA\u015eIK MAK\u0130NES\u0130 SEPET TEKER\u0130 BOSCH-S\u0130EMENS BEYAZ B\u00dcY\u00dcK BM5004<\/p>\n","protected":false},"featured_media":332,"comment_status":"open","ping_status":"closed","template":"","meta":[],"product_cat":[50,20],"product_tag":[264,272,273,265],"_links":{"self":[{"href":"http:\/\/www.kutupsogutma.net\/index.php?rest_route=\/wp\/v2\/product\/331"}],"collection":[{"href":"http:\/\/www.kutupsogutma.net\/index.php?rest_route=\/wp\/v2\/product"}],"about":[{"href":"http:\/\/www.kutupsogutma.net\/index.php?rest_route=\/wp\/v2\/types\/product"}],"replies":[{"embeddable":true,"href":"http:\/\/www.kutupsogutma.net\/index.php?rest_route=%2Fwp%2Fv2%2Fcomments&post=331"}],"wp:featuredmedia":[{"embeddable":true,"href":"http:\/\/www.kutupsogutma.net\/index.php?rest_route=\/wp\/v2\/media\/332"}],"wp:attachment":[{"href":"http:\/\/www.kutupsogutma.net\/index.php?rest_route=%2Fwp%2Fv2%2Fmedia&parent=331"}],"wp:term":[{"taxonomy":"product_cat","embeddable":true,"href":"http:\/\/www.kutupsogutma.net\/index.php?rest_route=%2Fwp%2Fv2%2Fproduct_cat&post=331"},{"taxonomy":"product_tag","embeddable":true,"href":"http:\/\/www.kutupsogutma.net\/index.php?rest_route=%2Fwp%2Fv2%2Fproduct_tag&post=331"}],"curies":[{"name":"wp","href":"https:\/\/api.w.org\/{rel}","templated":true}]}}