{"id":327,"date":"2021-04-30T16:06:39","date_gmt":"2021-04-30T13:06:39","guid":{"rendered":"http:\/\/www.kutupsogutma.net\/?post_type=product&#038;p=327"},"modified":"2021-04-30T16:06:40","modified_gmt":"2021-04-30T13:06:40","slug":"bulasik-makinesi-sepet-tekeri-bosch-yeni-model-611666-611475-bm5009","status":"publish","type":"product","link":"http:\/\/www.kutupsogutma.net\/?product=bulasik-makinesi-sepet-tekeri-bosch-yeni-model-611666-611475-bm5009","title":{"rendered":"BULA\u015eIK MAK\u0130NES\u0130 SEPET TEKER\u0130 BOSCH YEN\u0130 MODEL 611666-611475 BM5009"},"content":{"rendered":"<p>BULA\u015eIK MAK\u0130NES\u0130 SEPET TEKER\u0130 BOSCH YEN\u0130 MODEL 611666-611475 BM5009<\/p>\n","protected":false},"excerpt":{"rendered":"<p>BULA\u015eIK MAK\u0130NES\u0130 SEPET TEKER\u0130 BOSCH YEN\u0130 MODEL 611666-611475 BM5009<\/p>\n","protected":false},"featured_media":328,"comment_status":"open","ping_status":"closed","template":"","meta":[],"product_cat":[50,20],"product_tag":[268,267,264,251,266,265],"_links":{"self":[{"href":"http:\/\/www.kutupsogutma.net\/index.php?rest_route=\/wp\/v2\/product\/327"}],"collection":[{"href":"http:\/\/www.kutupsogutma.net\/index.php?rest_route=\/wp\/v2\/product"}],"about":[{"href":"http:\/\/www.kutupsogutma.net\/index.php?rest_route=\/wp\/v2\/types\/product"}],"replies":[{"embeddable":true,"href":"http:\/\/www.kutupsogutma.net\/index.php?rest_route=%2Fwp%2Fv2%2Fcomments&post=327"}],"wp:featuredmedia":[{"embeddable":true,"href":"http:\/\/www.kutupsogutma.net\/index.php?rest_route=\/wp\/v2\/media\/328"}],"wp:attachment":[{"href":"http:\/\/www.kutupsogutma.net\/index.php?rest_route=%2Fwp%2Fv2%2Fmedia&parent=327"}],"wp:term":[{"taxonomy":"product_cat","embeddable":true,"href":"http:\/\/www.kutupsogutma.net\/index.php?rest_route=%2Fwp%2Fv2%2Fproduct_cat&post=327"},{"taxonomy":"product_tag","embeddable":true,"href":"http:\/\/www.kutupsogutma.net\/index.php?rest_route=%2Fwp%2Fv2%2Fproduct_tag&post=327"}],"curies":[{"name":"wp","href":"https:\/\/api.w.org\/{rel}","templated":true}]}}