{"id":325,"date":"2021-04-30T16:03:16","date_gmt":"2021-04-30T13:03:16","guid":{"rendered":"http:\/\/www.kutupsogutma.net\/?post_type=product&#038;p=325"},"modified":"2021-04-30T16:03:16","modified_gmt":"2021-04-30T13:03:16","slug":"bulasik-makinesi-sepet-tekeri-electrolux-vestel-50286965004-50278101006-bm5008","status":"publish","type":"product","link":"http:\/\/www.kutupsogutma.net\/?product=bulasik-makinesi-sepet-tekeri-electrolux-vestel-50286965004-50278101006-bm5008","title":{"rendered":"BULA\u015eIK MAK\u0130NES\u0130 SEPET TEKER\u0130 ELECTROLUX-VESTEL 50286965004-50278101006 BM5008"},"content":{"rendered":"<p>BULA\u015eIK MAK\u0130NES\u0130 SEPET TEKER\u0130 ELECTROLUX-VESTEL 50286965004-50278101006 BM5008<\/p>\n","protected":false},"excerpt":{"rendered":"<p>BULA\u015eIK MAK\u0130NES\u0130 SEPET TEKER\u0130 ELECTROLUX-VESTEL 50286965004-50278101006 BM5008<\/p>\n","protected":false},"featured_media":326,"comment_status":"open","ping_status":"closed","template":"","meta":[],"product_cat":[50,20],"product_tag":[263,262,251,260,261],"_links":{"self":[{"href":"http:\/\/www.kutupsogutma.net\/index.php?rest_route=\/wp\/v2\/product\/325"}],"collection":[{"href":"http:\/\/www.kutupsogutma.net\/index.php?rest_route=\/wp\/v2\/product"}],"about":[{"href":"http:\/\/www.kutupsogutma.net\/index.php?rest_route=\/wp\/v2\/types\/product"}],"replies":[{"embeddable":true,"href":"http:\/\/www.kutupsogutma.net\/index.php?rest_route=%2Fwp%2Fv2%2Fcomments&post=325"}],"wp:featuredmedia":[{"embeddable":true,"href":"http:\/\/www.kutupsogutma.net\/index.php?rest_route=\/wp\/v2\/media\/326"}],"wp:attachment":[{"href":"http:\/\/www.kutupsogutma.net\/index.php?rest_route=%2Fwp%2Fv2%2Fmedia&parent=325"}],"wp:term":[{"taxonomy":"product_cat","embeddable":true,"href":"http:\/\/www.kutupsogutma.net\/index.php?rest_route=%2Fwp%2Fv2%2Fproduct_cat&post=325"},{"taxonomy":"product_tag","embeddable":true,"href":"http:\/\/www.kutupsogutma.net\/index.php?rest_route=%2Fwp%2Fv2%2Fproduct_tag&post=325"}],"curies":[{"name":"wp","href":"https:\/\/api.w.org\/{rel}","templated":true}]}}