{"id":319,"date":"2021-04-30T15:54:41","date_gmt":"2021-04-30T12:54:41","guid":{"rendered":"http:\/\/www.kutupsogutma.net\/?post_type=product&#038;p=319"},"modified":"2021-04-30T15:54:42","modified_gmt":"2021-04-30T12:54:42","slug":"bulasik-makinesi-sepet-tekeri-arcelik-beko-beyaz-kucuk-bm5001","status":"publish","type":"product","link":"http:\/\/www.kutupsogutma.net\/?product=bulasik-makinesi-sepet-tekeri-arcelik-beko-beyaz-kucuk-bm5001","title":{"rendered":"BULA\u015eIK MAK\u0130NES\u0130 SEPET TEKER\u0130 AR\u00c7EL\u0130K-BEKO BEYAZ K\u00dc\u00c7\u00dcK  BM5001"},"content":{"rendered":"<p>BULA\u015eIK MAK\u0130NES\u0130 SEPET TEKER\u0130 AR\u00c7EL\u0130K-BEKO BEYAZ K\u00dc\u00c7\u00dcK BM5001<\/p>\n","protected":false},"excerpt":{"rendered":"<p>BULA\u015eIK MAK\u0130NES\u0130 SEPET TEKER\u0130 AR\u00c7EL\u0130K-BEKO BEYAZ K\u00dc\u00c7\u00dcK BM5001<\/p>\n","protected":false},"featured_media":320,"comment_status":"open","ping_status":"closed","template":"","meta":[],"product_cat":[50,20],"product_tag":[252,253,251,254],"_links":{"self":[{"href":"http:\/\/www.kutupsogutma.net\/index.php?rest_route=\/wp\/v2\/product\/319"}],"collection":[{"href":"http:\/\/www.kutupsogutma.net\/index.php?rest_route=\/wp\/v2\/product"}],"about":[{"href":"http:\/\/www.kutupsogutma.net\/index.php?rest_route=\/wp\/v2\/types\/product"}],"replies":[{"embeddable":true,"href":"http:\/\/www.kutupsogutma.net\/index.php?rest_route=%2Fwp%2Fv2%2Fcomments&post=319"}],"wp:featuredmedia":[{"embeddable":true,"href":"http:\/\/www.kutupsogutma.net\/index.php?rest_route=\/wp\/v2\/media\/320"}],"wp:attachment":[{"href":"http:\/\/www.kutupsogutma.net\/index.php?rest_route=%2Fwp%2Fv2%2Fmedia&parent=319"}],"wp:term":[{"taxonomy":"product_cat","embeddable":true,"href":"http:\/\/www.kutupsogutma.net\/index.php?rest_route=%2Fwp%2Fv2%2Fproduct_cat&post=319"},{"taxonomy":"product_tag","embeddable":true,"href":"http:\/\/www.kutupsogutma.net\/index.php?rest_route=%2Fwp%2Fv2%2Fproduct_tag&post=319"}],"curies":[{"name":"wp","href":"https:\/\/api.w.org\/{rel}","templated":true}]}}