{"id":317,"date":"2021-04-30T15:53:17","date_gmt":"2021-04-30T12:53:17","guid":{"rendered":"http:\/\/www.kutupsogutma.net\/?post_type=product&#038;p=317"},"modified":"2021-04-30T15:53:17","modified_gmt":"2021-04-30T12:53:17","slug":"bulasik-makinesi-sepet-catal-kasik-universal-arcelik-beko-1883200400-bm5000","status":"publish","type":"product","link":"http:\/\/www.kutupsogutma.net\/?product=bulasik-makinesi-sepet-catal-kasik-universal-arcelik-beko-1883200400-bm5000","title":{"rendered":"BULA\u015eIK MAK\u0130NES\u0130 SEPET \u00c7ATAL KA\u015eIK UNIVERSAL-AR\u00c7EL\u0130K-BEKO 1883200400 BM5000"},"content":{"rendered":"<p>BULA\u015eIK MAK\u0130NES\u0130 SEPET \u00c7ATAL KA\u015eIK UNIVERSAL-AR\u00c7EL\u0130K-BEKO 1883200400 BM5000<\/p>\n","protected":false},"excerpt":{"rendered":"<p>BULA\u015eIK MAK\u0130NES\u0130 SEPET \u00c7ATAL KA\u015eIK UNIVERSAL-AR\u00c7EL\u0130K-BEKO 1883200400 BM5000<\/p>\n","protected":false},"featured_media":318,"comment_status":"open","ping_status":"closed","template":"","meta":[],"product_cat":[50,20],"product_tag":[246,249,250,248,247],"_links":{"self":[{"href":"http:\/\/www.kutupsogutma.net\/index.php?rest_route=\/wp\/v2\/product\/317"}],"collection":[{"href":"http:\/\/www.kutupsogutma.net\/index.php?rest_route=\/wp\/v2\/product"}],"about":[{"href":"http:\/\/www.kutupsogutma.net\/index.php?rest_route=\/wp\/v2\/types\/product"}],"replies":[{"embeddable":true,"href":"http:\/\/www.kutupsogutma.net\/index.php?rest_route=%2Fwp%2Fv2%2Fcomments&post=317"}],"wp:featuredmedia":[{"embeddable":true,"href":"http:\/\/www.kutupsogutma.net\/index.php?rest_route=\/wp\/v2\/media\/318"}],"wp:attachment":[{"href":"http:\/\/www.kutupsogutma.net\/index.php?rest_route=%2Fwp%2Fv2%2Fmedia&parent=317"}],"wp:term":[{"taxonomy":"product_cat","embeddable":true,"href":"http:\/\/www.kutupsogutma.net\/index.php?rest_route=%2Fwp%2Fv2%2Fproduct_cat&post=317"},{"taxonomy":"product_tag","embeddable":true,"href":"http:\/\/www.kutupsogutma.net\/index.php?rest_route=%2Fwp%2Fv2%2Fproduct_tag&post=317"}],"curies":[{"name":"wp","href":"https:\/\/api.w.org\/{rel}","templated":true}]}}