{"id":315,"date":"2021-04-30T15:16:27","date_gmt":"2021-04-30T12:16:27","guid":{"rendered":"http:\/\/www.kutupsogutma.net\/?post_type=product&#038;p=315"},"modified":"2021-04-30T15:16:27","modified_gmt":"2021-04-30T12:16:27","slug":"bulasik-makinesi-acma-kapama-salteri-siyah-ariston-dortlu-rold-bm4008","status":"publish","type":"product","link":"http:\/\/www.kutupsogutma.net\/?product=bulasik-makinesi-acma-kapama-salteri-siyah-ariston-dortlu-rold-bm4008","title":{"rendered":"BULA\u015eIK MAK\u0130NES\u0130 A\u00c7MA KAPAMA \u015eALTER\u0130 S\u0130YAH AR\u0130STON D\u00d6RTL\u00dc ROLD BM4008"},"content":{"rendered":"<p>BULA\u015eIK MAK\u0130NES\u0130 A\u00c7MA KAPAMA \u015eALTER\u0130 S\u0130YAH AR\u0130STON D\u00d6RTL\u00dc ROLD BM4008<\/p>\n","protected":false},"excerpt":{"rendered":"<p>BULA\u015eIK MAK\u0130NES\u0130 A\u00c7MA KAPAMA \u015eALTER\u0130 S\u0130YAH AR\u0130STON D\u00d6RTL\u00dc ROLD BM4008<\/p>\n","protected":false},"featured_media":316,"comment_status":"open","ping_status":"closed","template":"","meta":[],"product_cat":[49,20],"product_tag":[243,244,242,241,237,240,245],"_links":{"self":[{"href":"http:\/\/www.kutupsogutma.net\/index.php?rest_route=\/wp\/v2\/product\/315"}],"collection":[{"href":"http:\/\/www.kutupsogutma.net\/index.php?rest_route=\/wp\/v2\/product"}],"about":[{"href":"http:\/\/www.kutupsogutma.net\/index.php?rest_route=\/wp\/v2\/types\/product"}],"replies":[{"embeddable":true,"href":"http:\/\/www.kutupsogutma.net\/index.php?rest_route=%2Fwp%2Fv2%2Fcomments&post=315"}],"wp:featuredmedia":[{"embeddable":true,"href":"http:\/\/www.kutupsogutma.net\/index.php?rest_route=\/wp\/v2\/media\/316"}],"wp:attachment":[{"href":"http:\/\/www.kutupsogutma.net\/index.php?rest_route=%2Fwp%2Fv2%2Fmedia&parent=315"}],"wp:term":[{"taxonomy":"product_cat","embeddable":true,"href":"http:\/\/www.kutupsogutma.net\/index.php?rest_route=%2Fwp%2Fv2%2Fproduct_cat&post=315"},{"taxonomy":"product_tag","embeddable":true,"href":"http:\/\/www.kutupsogutma.net\/index.php?rest_route=%2Fwp%2Fv2%2Fproduct_tag&post=315"}],"curies":[{"name":"wp","href":"https:\/\/api.w.org\/{rel}","templated":true}]}}