{"id":313,"date":"2021-04-30T15:13:02","date_gmt":"2021-04-30T12:13:02","guid":{"rendered":"http:\/\/www.kutupsogutma.net\/?post_type=product&#038;p=313"},"modified":"2021-04-30T15:13:02","modified_gmt":"2021-04-30T12:13:02","slug":"bulasik-makinesi-acma-kapama-salteri-siyah-bm4006","status":"publish","type":"product","link":"http:\/\/www.kutupsogutma.net\/?product=bulasik-makinesi-acma-kapama-salteri-siyah-bm4006","title":{"rendered":"BULA\u015eIK MAK\u0130NES\u0130 A\u00c7MA KAPAMA \u015eALTER\u0130 S\u0130YAH BM4006"},"content":{"rendered":"<p>BULA\u015eIK MAK\u0130NES\u0130 A\u00c7MA KAPAMA \u015eALTER\u0130 S\u0130YAH BM4006<\/p>\n","protected":false},"excerpt":{"rendered":"<p>BULA\u015eIK MAK\u0130NES\u0130 A\u00c7MA KAPAMA \u015eALTER\u0130 S\u0130YAH BM4006<\/p>\n","protected":false},"featured_media":314,"comment_status":"open","ping_status":"closed","template":"","meta":[],"product_cat":[49,20],"product_tag":[238,237,239],"_links":{"self":[{"href":"http:\/\/www.kutupsogutma.net\/index.php?rest_route=\/wp\/v2\/product\/313"}],"collection":[{"href":"http:\/\/www.kutupsogutma.net\/index.php?rest_route=\/wp\/v2\/product"}],"about":[{"href":"http:\/\/www.kutupsogutma.net\/index.php?rest_route=\/wp\/v2\/types\/product"}],"replies":[{"embeddable":true,"href":"http:\/\/www.kutupsogutma.net\/index.php?rest_route=%2Fwp%2Fv2%2Fcomments&post=313"}],"wp:featuredmedia":[{"embeddable":true,"href":"http:\/\/www.kutupsogutma.net\/index.php?rest_route=\/wp\/v2\/media\/314"}],"wp:attachment":[{"href":"http:\/\/www.kutupsogutma.net\/index.php?rest_route=%2Fwp%2Fv2%2Fmedia&parent=313"}],"wp:term":[{"taxonomy":"product_cat","embeddable":true,"href":"http:\/\/www.kutupsogutma.net\/index.php?rest_route=%2Fwp%2Fv2%2Fproduct_cat&post=313"},{"taxonomy":"product_tag","embeddable":true,"href":"http:\/\/www.kutupsogutma.net\/index.php?rest_route=%2Fwp%2Fv2%2Fproduct_tag&post=313"}],"curies":[{"name":"wp","href":"https:\/\/api.w.org\/{rel}","templated":true}]}}