{"id":311,"date":"2021-04-30T15:11:30","date_gmt":"2021-04-30T12:11:30","guid":{"rendered":"http:\/\/www.kutupsogutma.net\/?post_type=product&#038;p=311"},"modified":"2021-04-30T15:11:31","modified_gmt":"2021-04-30T12:11:31","slug":"bulasik-makinesi-salter-arcelik-kirmizi-bm4005","status":"publish","type":"product","link":"http:\/\/www.kutupsogutma.net\/?product=bulasik-makinesi-salter-arcelik-kirmizi-bm4005","title":{"rendered":"BULA\u015eIK MAK\u0130NES\u0130 \u015eALTER AR\u00c7EL\u0130K KIRMIZI BM4005"},"content":{"rendered":"<p>BULA\u015eIK MAK\u0130NES\u0130 \u015eALTER AR\u00c7EL\u0130K KIRMIZI BM4005<\/p>\n","protected":false},"excerpt":{"rendered":"<p>BULA\u015eIK MAK\u0130NES\u0130 \u015eALTER AR\u00c7EL\u0130K KIRMIZI BM4005<\/p>\n","protected":false},"featured_media":312,"comment_status":"open","ping_status":"closed","template":"","meta":[],"product_cat":[49,20],"product_tag":[234,233,235,227,236],"_links":{"self":[{"href":"http:\/\/www.kutupsogutma.net\/index.php?rest_route=\/wp\/v2\/product\/311"}],"collection":[{"href":"http:\/\/www.kutupsogutma.net\/index.php?rest_route=\/wp\/v2\/product"}],"about":[{"href":"http:\/\/www.kutupsogutma.net\/index.php?rest_route=\/wp\/v2\/types\/product"}],"replies":[{"embeddable":true,"href":"http:\/\/www.kutupsogutma.net\/index.php?rest_route=%2Fwp%2Fv2%2Fcomments&post=311"}],"wp:featuredmedia":[{"embeddable":true,"href":"http:\/\/www.kutupsogutma.net\/index.php?rest_route=\/wp\/v2\/media\/312"}],"wp:attachment":[{"href":"http:\/\/www.kutupsogutma.net\/index.php?rest_route=%2Fwp%2Fv2%2Fmedia&parent=311"}],"wp:term":[{"taxonomy":"product_cat","embeddable":true,"href":"http:\/\/www.kutupsogutma.net\/index.php?rest_route=%2Fwp%2Fv2%2Fproduct_cat&post=311"},{"taxonomy":"product_tag","embeddable":true,"href":"http:\/\/www.kutupsogutma.net\/index.php?rest_route=%2Fwp%2Fv2%2Fproduct_tag&post=311"}],"curies":[{"name":"wp","href":"https:\/\/api.w.org\/{rel}","templated":true}]}}