{"id":309,"date":"2021-04-30T15:09:47","date_gmt":"2021-04-30T12:09:47","guid":{"rendered":"http:\/\/www.kutupsogutma.net\/?post_type=product&#038;p=309"},"modified":"2021-04-30T15:09:48","modified_gmt":"2021-04-30T12:09:48","slug":"bulasik-makinesi-sivic-yan-arcelik-bm4004","status":"publish","type":"product","link":"http:\/\/www.kutupsogutma.net\/?product=bulasik-makinesi-sivic-yan-arcelik-bm4004","title":{"rendered":"BULA\u015eIK MAK\u0130NES\u0130 S\u0130V\u0130\u00c7 YAN AR\u00c7EL\u0130K BM4004"},"content":{"rendered":"<p>BULA\u015eIK MAK\u0130NES\u0130 S\u0130V\u0130\u00c7 YAN AR\u00c7EL\u0130K BM4004<\/p>\n","protected":false},"excerpt":{"rendered":"<p>BULA\u015eIK MAK\u0130NES\u0130 S\u0130V\u0130\u00c7 YAN AR\u00c7EL\u0130K BM4004<\/p>\n","protected":false},"featured_media":310,"comment_status":"open","ping_status":"closed","template":"","meta":[],"product_cat":[49,20],"product_tag":[230,229,231,227,228,232],"_links":{"self":[{"href":"http:\/\/www.kutupsogutma.net\/index.php?rest_route=\/wp\/v2\/product\/309"}],"collection":[{"href":"http:\/\/www.kutupsogutma.net\/index.php?rest_route=\/wp\/v2\/product"}],"about":[{"href":"http:\/\/www.kutupsogutma.net\/index.php?rest_route=\/wp\/v2\/types\/product"}],"replies":[{"embeddable":true,"href":"http:\/\/www.kutupsogutma.net\/index.php?rest_route=%2Fwp%2Fv2%2Fcomments&post=309"}],"wp:featuredmedia":[{"embeddable":true,"href":"http:\/\/www.kutupsogutma.net\/index.php?rest_route=\/wp\/v2\/media\/310"}],"wp:attachment":[{"href":"http:\/\/www.kutupsogutma.net\/index.php?rest_route=%2Fwp%2Fv2%2Fmedia&parent=309"}],"wp:term":[{"taxonomy":"product_cat","embeddable":true,"href":"http:\/\/www.kutupsogutma.net\/index.php?rest_route=%2Fwp%2Fv2%2Fproduct_cat&post=309"},{"taxonomy":"product_tag","embeddable":true,"href":"http:\/\/www.kutupsogutma.net\/index.php?rest_route=%2Fwp%2Fv2%2Fproduct_tag&post=309"}],"curies":[{"name":"wp","href":"https:\/\/api.w.org\/{rel}","templated":true}]}}