{"id":303,"date":"2021-04-30T15:02:54","date_gmt":"2021-04-30T12:02:54","guid":{"rendered":"http:\/\/www.kutupsogutma.net\/?post_type=product&#038;p=303"},"modified":"2021-04-30T15:02:55","modified_gmt":"2021-04-30T12:02:55","slug":"bulasik-makinesi-termostat-bosch-aeg-85-bm4002","status":"publish","type":"product","link":"http:\/\/www.kutupsogutma.net\/?product=bulasik-makinesi-termostat-bosch-aeg-85-bm4002","title":{"rendered":"BULA\u015eIK MAK\u0130NES\u0130 TERMOSTAT BOSCH-AEG 85 BM4002"},"content":{"rendered":"<p>BULA\u015eIK MAK\u0130NES\u0130 TERMOSTAT BOSCH-AEG 85 BM4002<\/p>\n","protected":false},"excerpt":{"rendered":"<p>BULA\u015eIK MAK\u0130NES\u0130 TERMOSTAT BOSCH-AEG 85 BM4002<\/p>\n","protected":false},"featured_media":304,"comment_status":"open","ping_status":"closed","template":"","meta":[],"product_cat":[49,20],"product_tag":[220,219,221,216],"_links":{"self":[{"href":"http:\/\/www.kutupsogutma.net\/index.php?rest_route=\/wp\/v2\/product\/303"}],"collection":[{"href":"http:\/\/www.kutupsogutma.net\/index.php?rest_route=\/wp\/v2\/product"}],"about":[{"href":"http:\/\/www.kutupsogutma.net\/index.php?rest_route=\/wp\/v2\/types\/product"}],"replies":[{"embeddable":true,"href":"http:\/\/www.kutupsogutma.net\/index.php?rest_route=%2Fwp%2Fv2%2Fcomments&post=303"}],"wp:featuredmedia":[{"embeddable":true,"href":"http:\/\/www.kutupsogutma.net\/index.php?rest_route=\/wp\/v2\/media\/304"}],"wp:attachment":[{"href":"http:\/\/www.kutupsogutma.net\/index.php?rest_route=%2Fwp%2Fv2%2Fmedia&parent=303"}],"wp:term":[{"taxonomy":"product_cat","embeddable":true,"href":"http:\/\/www.kutupsogutma.net\/index.php?rest_route=%2Fwp%2Fv2%2Fproduct_cat&post=303"},{"taxonomy":"product_tag","embeddable":true,"href":"http:\/\/www.kutupsogutma.net\/index.php?rest_route=%2Fwp%2Fv2%2Fproduct_tag&post=303"}],"curies":[{"name":"wp","href":"https:\/\/api.w.org\/{rel}","templated":true}]}}