{"id":297,"date":"2021-04-30T14:52:45","date_gmt":"2021-04-30T11:52:45","guid":{"rendered":"http:\/\/www.kutupsogutma.net\/?post_type=product&#038;p=297"},"modified":"2021-05-07T11:34:18","modified_gmt":"2021-05-07T08:34:18","slug":"bulasik-makine-rezistans-u-tipi-arcelik-beko-bm3000","status":"publish","type":"product","link":"http:\/\/www.kutupsogutma.net\/?product=bulasik-makine-rezistans-u-tipi-arcelik-beko-bm3000","title":{"rendered":"BULA\u015eIK MAK\u0130NE REZ\u0130STANS U T\u0130P\u0130 AR\u00c7EL\u0130K-BEKO BM3000"},"content":{"rendered":"<p>BULA\u015eIK MAK\u0130NE REZ\u0130STANS U T\u0130P\u0130 AR\u00c7EL\u0130K-BEKO BM3000<\/p>\n","protected":false},"excerpt":{"rendered":"<p>BULA\u015eIK MAK\u0130NE REZ\u0130STANS U T\u0130P\u0130 AR\u00c7EL\u0130K-BEKO BM3000<\/p>\n","protected":false},"featured_media":2071,"comment_status":"open","ping_status":"closed","template":"","meta":[],"product_cat":[48,20],"product_tag":[208,209,206,207],"_links":{"self":[{"href":"http:\/\/www.kutupsogutma.net\/index.php?rest_route=\/wp\/v2\/product\/297"}],"collection":[{"href":"http:\/\/www.kutupsogutma.net\/index.php?rest_route=\/wp\/v2\/product"}],"about":[{"href":"http:\/\/www.kutupsogutma.net\/index.php?rest_route=\/wp\/v2\/types\/product"}],"replies":[{"embeddable":true,"href":"http:\/\/www.kutupsogutma.net\/index.php?rest_route=%2Fwp%2Fv2%2Fcomments&post=297"}],"wp:featuredmedia":[{"embeddable":true,"href":"http:\/\/www.kutupsogutma.net\/index.php?rest_route=\/wp\/v2\/media\/2071"}],"wp:attachment":[{"href":"http:\/\/www.kutupsogutma.net\/index.php?rest_route=%2Fwp%2Fv2%2Fmedia&parent=297"}],"wp:term":[{"taxonomy":"product_cat","embeddable":true,"href":"http:\/\/www.kutupsogutma.net\/index.php?rest_route=%2Fwp%2Fv2%2Fproduct_cat&post=297"},{"taxonomy":"product_tag","embeddable":true,"href":"http:\/\/www.kutupsogutma.net\/index.php?rest_route=%2Fwp%2Fv2%2Fproduct_tag&post=297"}],"curies":[{"name":"wp","href":"https:\/\/api.w.org\/{rel}","templated":true}]}}