{"id":295,"date":"2021-04-30T14:51:06","date_gmt":"2021-04-30T11:51:06","guid":{"rendered":"http:\/\/www.kutupsogutma.net\/?post_type=product&#038;p=295"},"modified":"2021-04-30T14:51:06","modified_gmt":"2021-04-30T11:51:06","slug":"bulasik-makinesi-pompa-motoru-bosch-aeg-ithal-gre-507-bm2008","status":"publish","type":"product","link":"http:\/\/www.kutupsogutma.net\/?product=bulasik-makinesi-pompa-motoru-bosch-aeg-ithal-gre-507-bm2008","title":{"rendered":"BULA\u015eIK MAK\u0130NES\u0130 POMPA MOTORU BOSCH-AEG \u0130THAL GRE-507 BM2008"},"content":{"rendered":"<p>BULA\u015eIK MAK\u0130NES\u0130 POMPA MOTORU BOSCH-AEG \u0130THAL GRE-507 BM2008<\/p>\n","protected":false},"excerpt":{"rendered":"<p>BULA\u015eIK MAK\u0130NES\u0130 POMPA MOTORU BOSCH-AEG \u0130THAL GRE-507 BM2008<\/p>\n","protected":false},"featured_media":296,"comment_status":"open","ping_status":"closed","template":"","meta":[],"product_cat":[47,20],"product_tag":[205,203,201,193,198,202,152],"_links":{"self":[{"href":"http:\/\/www.kutupsogutma.net\/index.php?rest_route=\/wp\/v2\/product\/295"}],"collection":[{"href":"http:\/\/www.kutupsogutma.net\/index.php?rest_route=\/wp\/v2\/product"}],"about":[{"href":"http:\/\/www.kutupsogutma.net\/index.php?rest_route=\/wp\/v2\/types\/product"}],"replies":[{"embeddable":true,"href":"http:\/\/www.kutupsogutma.net\/index.php?rest_route=%2Fwp%2Fv2%2Fcomments&post=295"}],"wp:featuredmedia":[{"embeddable":true,"href":"http:\/\/www.kutupsogutma.net\/index.php?rest_route=\/wp\/v2\/media\/296"}],"wp:attachment":[{"href":"http:\/\/www.kutupsogutma.net\/index.php?rest_route=%2Fwp%2Fv2%2Fmedia&parent=295"}],"wp:term":[{"taxonomy":"product_cat","embeddable":true,"href":"http:\/\/www.kutupsogutma.net\/index.php?rest_route=%2Fwp%2Fv2%2Fproduct_cat&post=295"},{"taxonomy":"product_tag","embeddable":true,"href":"http:\/\/www.kutupsogutma.net\/index.php?rest_route=%2Fwp%2Fv2%2Fproduct_tag&post=295"}],"curies":[{"name":"wp","href":"https:\/\/api.w.org\/{rel}","templated":true}]}}