{"id":293,"date":"2021-04-30T14:49:01","date_gmt":"2021-04-30T11:49:01","guid":{"rendered":"http:\/\/www.kutupsogutma.net\/?post_type=product&#038;p=293"},"modified":"2021-04-30T14:49:02","modified_gmt":"2021-04-30T11:49:02","slug":"bulasik-makinesi-pompa-motoru-bosch-aeg-ithal-beyaz-bm2007","status":"publish","type":"product","link":"http:\/\/www.kutupsogutma.net\/?product=bulasik-makinesi-pompa-motoru-bosch-aeg-ithal-beyaz-bm2007","title":{"rendered":"BULA\u015eIK MAK\u0130NES\u0130 POMPA MOTORU BOSCH-AEG \u0130THAL BEYAZ BM2007"},"content":{"rendered":"<p>BULA\u015eIK MAK\u0130NES\u0130 POMPA MOTORU BOSCH-AEG \u0130THAL BEYAZ BM2007<\/p>\n","protected":false},"excerpt":{"rendered":"<p>BULA\u015eIK MAK\u0130NES\u0130 POMPA MOTORU BOSCH-AEG \u0130THAL BEYAZ BM2007<\/p>\n","protected":false},"featured_media":294,"comment_status":"open","ping_status":"closed","template":"","meta":[],"product_cat":[47,20],"product_tag":[203,154,201,193,198,204,202,152],"_links":{"self":[{"href":"http:\/\/www.kutupsogutma.net\/index.php?rest_route=\/wp\/v2\/product\/293"}],"collection":[{"href":"http:\/\/www.kutupsogutma.net\/index.php?rest_route=\/wp\/v2\/product"}],"about":[{"href":"http:\/\/www.kutupsogutma.net\/index.php?rest_route=\/wp\/v2\/types\/product"}],"replies":[{"embeddable":true,"href":"http:\/\/www.kutupsogutma.net\/index.php?rest_route=%2Fwp%2Fv2%2Fcomments&post=293"}],"wp:featuredmedia":[{"embeddable":true,"href":"http:\/\/www.kutupsogutma.net\/index.php?rest_route=\/wp\/v2\/media\/294"}],"wp:attachment":[{"href":"http:\/\/www.kutupsogutma.net\/index.php?rest_route=%2Fwp%2Fv2%2Fmedia&parent=293"}],"wp:term":[{"taxonomy":"product_cat","embeddable":true,"href":"http:\/\/www.kutupsogutma.net\/index.php?rest_route=%2Fwp%2Fv2%2Fproduct_cat&post=293"},{"taxonomy":"product_tag","embeddable":true,"href":"http:\/\/www.kutupsogutma.net\/index.php?rest_route=%2Fwp%2Fv2%2Fproduct_tag&post=293"}],"curies":[{"name":"wp","href":"https:\/\/api.w.org\/{rel}","templated":true}]}}