{"id":291,"date":"2021-04-30T14:46:53","date_gmt":"2021-04-30T11:46:53","guid":{"rendered":"http:\/\/www.kutupsogutma.net\/?post_type=product&#038;p=291"},"modified":"2021-04-30T14:46:53","modified_gmt":"2021-04-30T11:46:53","slug":"bulasik-makinesi-pompa-motoru-bosch-aeg-ithal-bm2006","status":"publish","type":"product","link":"http:\/\/www.kutupsogutma.net\/?product=bulasik-makinesi-pompa-motoru-bosch-aeg-ithal-bm2006","title":{"rendered":"BULA\u015eIK MAK\u0130NES\u0130 POMPA MOTORU BOSCH-AEG \u0130THAL BM2006"},"content":{"rendered":"<p>BULA\u015eIK MAK\u0130NES\u0130 POMPA MOTORU BOSCH-AEG \u0130THAL BM2006<\/p>\n","protected":false},"excerpt":{"rendered":"<p>BULA\u015eIK MAK\u0130NES\u0130 POMPA MOTORU BOSCH-AEG \u0130THAL BM2006<\/p>\n","protected":false},"featured_media":292,"comment_status":"open","ping_status":"closed","template":"","meta":[],"product_cat":[47,20],"product_tag":[203,201,193,198,202,152],"_links":{"self":[{"href":"http:\/\/www.kutupsogutma.net\/index.php?rest_route=\/wp\/v2\/product\/291"}],"collection":[{"href":"http:\/\/www.kutupsogutma.net\/index.php?rest_route=\/wp\/v2\/product"}],"about":[{"href":"http:\/\/www.kutupsogutma.net\/index.php?rest_route=\/wp\/v2\/types\/product"}],"replies":[{"embeddable":true,"href":"http:\/\/www.kutupsogutma.net\/index.php?rest_route=%2Fwp%2Fv2%2Fcomments&post=291"}],"wp:featuredmedia":[{"embeddable":true,"href":"http:\/\/www.kutupsogutma.net\/index.php?rest_route=\/wp\/v2\/media\/292"}],"wp:attachment":[{"href":"http:\/\/www.kutupsogutma.net\/index.php?rest_route=%2Fwp%2Fv2%2Fmedia&parent=291"}],"wp:term":[{"taxonomy":"product_cat","embeddable":true,"href":"http:\/\/www.kutupsogutma.net\/index.php?rest_route=%2Fwp%2Fv2%2Fproduct_cat&post=291"},{"taxonomy":"product_tag","embeddable":true,"href":"http:\/\/www.kutupsogutma.net\/index.php?rest_route=%2Fwp%2Fv2%2Fproduct_tag&post=291"}],"curies":[{"name":"wp","href":"https:\/\/api.w.org\/{rel}","templated":true}]}}