{"id":281,"date":"2021-04-30T14:24:59","date_gmt":"2021-04-30T11:24:59","guid":{"rendered":"http:\/\/www.kutupsogutma.net\/?post_type=product&#038;p=281"},"modified":"2021-04-30T14:25:00","modified_gmt":"2021-04-30T11:25:00","slug":"bulasik-makinesi-pompa-motoru-universal-gecmeli-bm2001","status":"publish","type":"product","link":"http:\/\/www.kutupsogutma.net\/?product=bulasik-makinesi-pompa-motoru-universal-gecmeli-bm2001","title":{"rendered":"BULA\u015eIK MAK\u0130NES\u0130 POMPA MOTORU UNIVERSAL GE\u00c7MEL\u0130 BM2001"},"content":{"rendered":"<p>BULA\u015eIK MAK\u0130NES\u0130 POMPA MOTORU UNIVERSAL GE\u00c7MEL\u0130 BM2001<\/p>\n","protected":false},"excerpt":{"rendered":"<p>BULA\u015eIK MAK\u0130NES\u0130 POMPA MOTORU UNIVERSAL GE\u00c7MEL\u0130 BM2001<\/p>\n","protected":false},"featured_media":282,"comment_status":"open","ping_status":"closed","template":"","meta":[],"product_cat":[47,20],"product_tag":[193,198,197,195],"_links":{"self":[{"href":"http:\/\/www.kutupsogutma.net\/index.php?rest_route=\/wp\/v2\/product\/281"}],"collection":[{"href":"http:\/\/www.kutupsogutma.net\/index.php?rest_route=\/wp\/v2\/product"}],"about":[{"href":"http:\/\/www.kutupsogutma.net\/index.php?rest_route=\/wp\/v2\/types\/product"}],"replies":[{"embeddable":true,"href":"http:\/\/www.kutupsogutma.net\/index.php?rest_route=%2Fwp%2Fv2%2Fcomments&post=281"}],"wp:featuredmedia":[{"embeddable":true,"href":"http:\/\/www.kutupsogutma.net\/index.php?rest_route=\/wp\/v2\/media\/282"}],"wp:attachment":[{"href":"http:\/\/www.kutupsogutma.net\/index.php?rest_route=%2Fwp%2Fv2%2Fmedia&parent=281"}],"wp:term":[{"taxonomy":"product_cat","embeddable":true,"href":"http:\/\/www.kutupsogutma.net\/index.php?rest_route=%2Fwp%2Fv2%2Fproduct_cat&post=281"},{"taxonomy":"product_tag","embeddable":true,"href":"http:\/\/www.kutupsogutma.net\/index.php?rest_route=%2Fwp%2Fv2%2Fproduct_tag&post=281"}],"curies":[{"name":"wp","href":"https:\/\/api.w.org\/{rel}","templated":true}]}}