{"id":279,"date":"2021-04-30T14:20:49","date_gmt":"2021-04-30T11:20:49","guid":{"rendered":"http:\/\/www.kutupsogutma.net\/?post_type=product&#038;p=279"},"modified":"2021-04-30T14:20:49","modified_gmt":"2021-04-30T11:20:49","slug":"bulasik-makinesi-pompa-motoru-universal-vidali-bm2000","status":"publish","type":"product","link":"http:\/\/www.kutupsogutma.net\/?product=bulasik-makinesi-pompa-motoru-universal-vidali-bm2000","title":{"rendered":"BULA\u015eIK MAK\u0130NES\u0130 POMPA MOTORU UNIVERSAL V\u0130DALI BM2000"},"content":{"rendered":"<p>BULA\u015eIK MAK\u0130NES\u0130 POMPA MOTORU UNIVERSAL V\u0130DALI BM2000<\/p>\n","protected":false},"excerpt":{"rendered":"<p>BULA\u015eIK MAK\u0130NES\u0130 POMPA MOTORU UNIVERSAL V\u0130DALI BM2000<\/p>\n","protected":false},"featured_media":280,"comment_status":"open","ping_status":"closed","template":"","meta":[],"product_cat":[47,20],"product_tag":[193,194,195,196],"_links":{"self":[{"href":"http:\/\/www.kutupsogutma.net\/index.php?rest_route=\/wp\/v2\/product\/279"}],"collection":[{"href":"http:\/\/www.kutupsogutma.net\/index.php?rest_route=\/wp\/v2\/product"}],"about":[{"href":"http:\/\/www.kutupsogutma.net\/index.php?rest_route=\/wp\/v2\/types\/product"}],"replies":[{"embeddable":true,"href":"http:\/\/www.kutupsogutma.net\/index.php?rest_route=%2Fwp%2Fv2%2Fcomments&post=279"}],"wp:featuredmedia":[{"embeddable":true,"href":"http:\/\/www.kutupsogutma.net\/index.php?rest_route=\/wp\/v2\/media\/280"}],"wp:attachment":[{"href":"http:\/\/www.kutupsogutma.net\/index.php?rest_route=%2Fwp%2Fv2%2Fmedia&parent=279"}],"wp:term":[{"taxonomy":"product_cat","embeddable":true,"href":"http:\/\/www.kutupsogutma.net\/index.php?rest_route=%2Fwp%2Fv2%2Fproduct_cat&post=279"},{"taxonomy":"product_tag","embeddable":true,"href":"http:\/\/www.kutupsogutma.net\/index.php?rest_route=%2Fwp%2Fv2%2Fproduct_tag&post=279"}],"curies":[{"name":"wp","href":"https:\/\/api.w.org\/{rel}","templated":true}]}}