{"id":261,"date":"2021-04-27T13:25:14","date_gmt":"2021-04-27T10:25:14","guid":{"rendered":"http:\/\/www.kutupsogutma.net\/?post_type=product&#038;p=261"},"modified":"2021-04-27T18:07:58","modified_gmt":"2021-04-27T15:07:58","slug":"bulasik-makinesi-pis-su-hortum-tahliye-bosaltma-3-mt-bm1006","status":"publish","type":"product","link":"http:\/\/www.kutupsogutma.net\/?product=bulasik-makinesi-pis-su-hortum-tahliye-bosaltma-3-mt-bm1006","title":{"rendered":"BULA\u015eIK MAK\u0130NES\u0130 P\u0130S SU HORTUM TAHL\u0130YE BO\u015eALTMA 3 MT BM1006"},"content":{"rendered":"<p><span style=\"vertical-align: inherit;\"><span style=\"vertical-align: inherit;\"><span style=\"vertical-align: inherit;\"><span style=\"vertical-align: inherit;\">BULA\u015eIK MAK\u0130NES\u0130 P\u0130S SU HORTUM TAHL\u0130YE BO\u015eALTMA 3 MT BM1006<\/span><\/span><\/span><\/span><\/p>\n","protected":false},"excerpt":{"rendered":"<p>BULA\u015eIK MAK\u0130NES\u0130 P\u0130S SU HORTUM TAHL\u0130YE BO\u015eALTMA 3 MT BM1006<\/p>\n","protected":false},"featured_media":260,"comment_status":"open","ping_status":"closed","template":"","meta":[],"product_cat":[46,20],"product_tag":[154,151,153,152],"_links":{"self":[{"href":"http:\/\/www.kutupsogutma.net\/index.php?rest_route=\/wp\/v2\/product\/261"}],"collection":[{"href":"http:\/\/www.kutupsogutma.net\/index.php?rest_route=\/wp\/v2\/product"}],"about":[{"href":"http:\/\/www.kutupsogutma.net\/index.php?rest_route=\/wp\/v2\/types\/product"}],"replies":[{"embeddable":true,"href":"http:\/\/www.kutupsogutma.net\/index.php?rest_route=%2Fwp%2Fv2%2Fcomments&post=261"}],"wp:featuredmedia":[{"embeddable":true,"href":"http:\/\/www.kutupsogutma.net\/index.php?rest_route=\/wp\/v2\/media\/260"}],"wp:attachment":[{"href":"http:\/\/www.kutupsogutma.net\/index.php?rest_route=%2Fwp%2Fv2%2Fmedia&parent=261"}],"wp:term":[{"taxonomy":"product_cat","embeddable":true,"href":"http:\/\/www.kutupsogutma.net\/index.php?rest_route=%2Fwp%2Fv2%2Fproduct_cat&post=261"},{"taxonomy":"product_tag","embeddable":true,"href":"http:\/\/www.kutupsogutma.net\/index.php?rest_route=%2Fwp%2Fv2%2Fproduct_tag&post=261"}],"curies":[{"name":"wp","href":"https:\/\/api.w.org\/{rel}","templated":true}]}}