{"id":258,"date":"2021-04-27T13:23:35","date_gmt":"2021-04-27T10:23:35","guid":{"rendered":"http:\/\/www.kutupsogutma.net\/?post_type=product&#038;p=258"},"modified":"2021-04-27T18:10:55","modified_gmt":"2021-04-27T15:10:55","slug":"bulasik-makinesi-temiz-su-hortum-sebeke-giris-5-mt-bm1004","status":"publish","type":"product","link":"http:\/\/www.kutupsogutma.net\/?product=bulasik-makinesi-temiz-su-hortum-sebeke-giris-5-mt-bm1004","title":{"rendered":"BULA\u015eIK MAK\u0130NES\u0130 TEM\u0130Z SU HORTUM \u015eEBEKE G\u0130R\u0130\u015e 5 MT BM1004"},"content":{"rendered":"<p><span style=\"vertical-align: inherit;\"><span style=\"vertical-align: inherit;\"><span style=\"vertical-align: inherit;\"><span style=\"vertical-align: inherit;\">BULA\u015eIK MAK\u0130NES\u0130 TEM\u0130Z SU HORTUM \u015eEBEKE G\u0130R\u0130\u015e 5 MT BM1004<\/span><\/span><\/span><\/span><\/p>\n","protected":false},"excerpt":{"rendered":"<p>BULA\u015eIK MAK\u0130NES\u0130 TEM\u0130Z SU HORTUM \u015eEBEKE G\u0130R\u0130\u015e 5 MT BM1004<\/p>\n","protected":false},"featured_media":256,"comment_status":"open","ping_status":"closed","template":"","meta":[],"product_cat":[46,20],"product_tag":[174,175,173],"_links":{"self":[{"href":"http:\/\/www.kutupsogutma.net\/index.php?rest_route=\/wp\/v2\/product\/258"}],"collection":[{"href":"http:\/\/www.kutupsogutma.net\/index.php?rest_route=\/wp\/v2\/product"}],"about":[{"href":"http:\/\/www.kutupsogutma.net\/index.php?rest_route=\/wp\/v2\/types\/product"}],"replies":[{"embeddable":true,"href":"http:\/\/www.kutupsogutma.net\/index.php?rest_route=%2Fwp%2Fv2%2Fcomments&post=258"}],"wp:featuredmedia":[{"embeddable":true,"href":"http:\/\/www.kutupsogutma.net\/index.php?rest_route=\/wp\/v2\/media\/256"}],"wp:attachment":[{"href":"http:\/\/www.kutupsogutma.net\/index.php?rest_route=%2Fwp%2Fv2%2Fmedia&parent=258"}],"wp:term":[{"taxonomy":"product_cat","embeddable":true,"href":"http:\/\/www.kutupsogutma.net\/index.php?rest_route=%2Fwp%2Fv2%2Fproduct_cat&post=258"},{"taxonomy":"product_tag","embeddable":true,"href":"http:\/\/www.kutupsogutma.net\/index.php?rest_route=%2Fwp%2Fv2%2Fproduct_tag&post=258"}],"curies":[{"name":"wp","href":"https:\/\/api.w.org\/{rel}","templated":true}]}}