{"id":257,"date":"2021-04-27T13:22:43","date_gmt":"2021-04-27T10:22:43","guid":{"rendered":"http:\/\/www.kutupsogutma.net\/?post_type=product&#038;p=257"},"modified":"2021-04-27T18:11:52","modified_gmt":"2021-04-27T15:11:52","slug":"bulasik-makinesi-temiz-su-hortum-sebeke-giris-4-mt-bm1003","status":"publish","type":"product","link":"http:\/\/www.kutupsogutma.net\/?product=bulasik-makinesi-temiz-su-hortum-sebeke-giris-4-mt-bm1003","title":{"rendered":"BULA\u015eIK MAK\u0130NES\u0130 TEM\u0130Z SU HORTUM \u015eEBEKE G\u0130R\u0130\u015e 4 MT BM1003"},"content":{"rendered":"<p><span style=\"vertical-align: inherit;\"><span style=\"vertical-align: inherit;\"><span style=\"vertical-align: inherit;\"><span style=\"vertical-align: inherit;\">BULA\u015eIK MAK\u0130NES\u0130 TEM\u0130Z SU HORTUM \u015eEBEKE G\u0130R\u0130\u015e 4 MT BM1003<\/span><\/span><\/span><\/span><\/p>\n","protected":false},"excerpt":{"rendered":"<p>BULA\u015eIK MAK\u0130NES\u0130 TEM\u0130Z SU HORTUM \u015eEBEKE G\u0130R\u0130\u015e 4 MT BM1003<\/p>\n","protected":false},"featured_media":256,"comment_status":"open","ping_status":"closed","template":"","meta":[],"product_cat":[46,20],"product_tag":[174,175,173],"_links":{"self":[{"href":"http:\/\/www.kutupsogutma.net\/index.php?rest_route=\/wp\/v2\/product\/257"}],"collection":[{"href":"http:\/\/www.kutupsogutma.net\/index.php?rest_route=\/wp\/v2\/product"}],"about":[{"href":"http:\/\/www.kutupsogutma.net\/index.php?rest_route=\/wp\/v2\/types\/product"}],"replies":[{"embeddable":true,"href":"http:\/\/www.kutupsogutma.net\/index.php?rest_route=%2Fwp%2Fv2%2Fcomments&post=257"}],"wp:featuredmedia":[{"embeddable":true,"href":"http:\/\/www.kutupsogutma.net\/index.php?rest_route=\/wp\/v2\/media\/256"}],"wp:attachment":[{"href":"http:\/\/www.kutupsogutma.net\/index.php?rest_route=%2Fwp%2Fv2%2Fmedia&parent=257"}],"wp:term":[{"taxonomy":"product_cat","embeddable":true,"href":"http:\/\/www.kutupsogutma.net\/index.php?rest_route=%2Fwp%2Fv2%2Fproduct_cat&post=257"},{"taxonomy":"product_tag","embeddable":true,"href":"http:\/\/www.kutupsogutma.net\/index.php?rest_route=%2Fwp%2Fv2%2Fproduct_tag&post=257"}],"curies":[{"name":"wp","href":"https:\/\/api.w.org\/{rel}","templated":true}]}}