{"id":249,"date":"2021-04-27T13:18:48","date_gmt":"2021-04-27T10:18:48","guid":{"rendered":"http:\/\/www.kutupsogutma.net\/?post_type=product&#038;p=249"},"modified":"2021-04-27T18:14:36","modified_gmt":"2021-04-27T15:14:36","slug":"bulasik-makinesi-ust-pervane-fiskiye-arcelik-beko-bm0001","status":"publish","type":"product","link":"http:\/\/www.kutupsogutma.net\/?product=bulasik-makinesi-ust-pervane-fiskiye-arcelik-beko-bm0001","title":{"rendered":"BULA\u015eIK MAK\u0130NES\u0130 \u00dcST PERVANE F\u0130SK\u0130YE AR\u00c7EL\u0130K-BEKO BM0001"},"content":{"rendered":"<p><span style=\"vertical-align: inherit;\"><span style=\"vertical-align: inherit;\"><span style=\"vertical-align: inherit;\"><span style=\"vertical-align: inherit;\">BULA\u015eIK MAK\u0130NES\u0130 \u00dcST PERVANE F\u0130SK\u0130YE AR\u00c7EL\u0130K-BEKO BM0001<\/span><\/span><\/span><\/span><\/p>\n","protected":false},"excerpt":{"rendered":"<p>BULA\u015eIK MAK\u0130NES\u0130 \u00dcST PERVANE F\u0130SK\u0130YE AR\u00c7EL\u0130K-BEKO BM0001<\/p>\n","protected":false},"featured_media":250,"comment_status":"open","ping_status":"closed","template":"","meta":[],"product_cat":[45,20],"product_tag":[155,176,177],"_links":{"self":[{"href":"http:\/\/www.kutupsogutma.net\/index.php?rest_route=\/wp\/v2\/product\/249"}],"collection":[{"href":"http:\/\/www.kutupsogutma.net\/index.php?rest_route=\/wp\/v2\/product"}],"about":[{"href":"http:\/\/www.kutupsogutma.net\/index.php?rest_route=\/wp\/v2\/types\/product"}],"replies":[{"embeddable":true,"href":"http:\/\/www.kutupsogutma.net\/index.php?rest_route=%2Fwp%2Fv2%2Fcomments&post=249"}],"wp:featuredmedia":[{"embeddable":true,"href":"http:\/\/www.kutupsogutma.net\/index.php?rest_route=\/wp\/v2\/media\/250"}],"wp:attachment":[{"href":"http:\/\/www.kutupsogutma.net\/index.php?rest_route=%2Fwp%2Fv2%2Fmedia&parent=249"}],"wp:term":[{"taxonomy":"product_cat","embeddable":true,"href":"http:\/\/www.kutupsogutma.net\/index.php?rest_route=%2Fwp%2Fv2%2Fproduct_cat&post=249"},{"taxonomy":"product_tag","embeddable":true,"href":"http:\/\/www.kutupsogutma.net\/index.php?rest_route=%2Fwp%2Fv2%2Fproduct_tag&post=249"}],"curies":[{"name":"wp","href":"https:\/\/api.w.org\/{rel}","templated":true}]}}