{"id":233,"date":"2021-04-27T13:02:00","date_gmt":"2021-04-27T10:02:00","guid":{"rendered":"http:\/\/www.kutupsogutma.net\/?post_type=product&#038;p=233"},"modified":"2021-04-27T13:02:00","modified_gmt":"2021-04-27T10:02:00","slug":"buzdolabi-alt-mentese-philco-vestel-siyah-bzd11013","status":"publish","type":"product","link":"http:\/\/www.kutupsogutma.net\/?product=buzdolabi-alt-mentese-philco-vestel-siyah-bzd11013","title":{"rendered":"BUZDOLABI ALT MENTE\u015eE PH\u0130LCO-VESTEL S\u0130YAH BZD11013"},"content":{"rendered":"<p><span style=\"vertical-align: inherit;\"><span style=\"vertical-align: inherit;\">BUZDOLABI ALT MENTE\u015eE PH\u0130LCO-VESTEL S\u0130YAH BZD11013<\/span><\/span><\/p>\n","protected":false},"excerpt":{"rendered":"<p>BUZDOLABI ALT MENTE\u015eE PH\u0130LCO-VESTEL S\u0130YAH BZD11013<\/p>\n","protected":false},"featured_media":234,"comment_status":"open","ping_status":"closed","template":"","meta":[],"product_cat":[44,19],"product_tag":[],"_links":{"self":[{"href":"http:\/\/www.kutupsogutma.net\/index.php?rest_route=\/wp\/v2\/product\/233"}],"collection":[{"href":"http:\/\/www.kutupsogutma.net\/index.php?rest_route=\/wp\/v2\/product"}],"about":[{"href":"http:\/\/www.kutupsogutma.net\/index.php?rest_route=\/wp\/v2\/types\/product"}],"replies":[{"embeddable":true,"href":"http:\/\/www.kutupsogutma.net\/index.php?rest_route=%2Fwp%2Fv2%2Fcomments&post=233"}],"wp:featuredmedia":[{"embeddable":true,"href":"http:\/\/www.kutupsogutma.net\/index.php?rest_route=\/wp\/v2\/media\/234"}],"wp:attachment":[{"href":"http:\/\/www.kutupsogutma.net\/index.php?rest_route=%2Fwp%2Fv2%2Fmedia&parent=233"}],"wp:term":[{"taxonomy":"product_cat","embeddable":true,"href":"http:\/\/www.kutupsogutma.net\/index.php?rest_route=%2Fwp%2Fv2%2Fproduct_cat&post=233"},{"taxonomy":"product_tag","embeddable":true,"href":"http:\/\/www.kutupsogutma.net\/index.php?rest_route=%2Fwp%2Fv2%2Fproduct_tag&post=233"}],"curies":[{"name":"wp","href":"https:\/\/api.w.org\/{rel}","templated":true}]}}