{"id":231,"date":"2021-04-27T13:00:57","date_gmt":"2021-04-27T10:00:57","guid":{"rendered":"http:\/\/www.kutupsogutma.net\/?post_type=product&#038;p=231"},"modified":"2021-04-27T13:00:58","modified_gmt":"2021-04-27T10:00:58","slug":"buzdolabi-mentese-aeg-ust-genis-bzd11012","status":"publish","type":"product","link":"http:\/\/www.kutupsogutma.net\/?product=buzdolabi-mentese-aeg-ust-genis-bzd11012","title":{"rendered":"BUZDOLABI MENTE\u015eE AEG \u00dcST GEN\u0130\u015e BZD11012"},"content":{"rendered":"<p><span style=\"vertical-align: inherit;\"><span style=\"vertical-align: inherit;\">BUZDOLABI MENTE\u015eE AEG \u00dcST GEN\u0130\u015e BZD11012<\/span><\/span><\/p>\n","protected":false},"excerpt":{"rendered":"<p>BUZDOLABI MENTE\u015eE AEG \u00dcST GEN\u0130\u015e BZD11012<\/p>\n","protected":false},"featured_media":232,"comment_status":"open","ping_status":"closed","template":"","meta":[],"product_cat":[44,19],"product_tag":[],"_links":{"self":[{"href":"http:\/\/www.kutupsogutma.net\/index.php?rest_route=\/wp\/v2\/product\/231"}],"collection":[{"href":"http:\/\/www.kutupsogutma.net\/index.php?rest_route=\/wp\/v2\/product"}],"about":[{"href":"http:\/\/www.kutupsogutma.net\/index.php?rest_route=\/wp\/v2\/types\/product"}],"replies":[{"embeddable":true,"href":"http:\/\/www.kutupsogutma.net\/index.php?rest_route=%2Fwp%2Fv2%2Fcomments&post=231"}],"wp:featuredmedia":[{"embeddable":true,"href":"http:\/\/www.kutupsogutma.net\/index.php?rest_route=\/wp\/v2\/media\/232"}],"wp:attachment":[{"href":"http:\/\/www.kutupsogutma.net\/index.php?rest_route=%2Fwp%2Fv2%2Fmedia&parent=231"}],"wp:term":[{"taxonomy":"product_cat","embeddable":true,"href":"http:\/\/www.kutupsogutma.net\/index.php?rest_route=%2Fwp%2Fv2%2Fproduct_cat&post=231"},{"taxonomy":"product_tag","embeddable":true,"href":"http:\/\/www.kutupsogutma.net\/index.php?rest_route=%2Fwp%2Fv2%2Fproduct_tag&post=231"}],"curies":[{"name":"wp","href":"https:\/\/api.w.org\/{rel}","templated":true}]}}