{"id":229,"date":"2021-04-27T12:47:34","date_gmt":"2021-04-27T09:47:34","guid":{"rendered":"http:\/\/www.kutupsogutma.net\/?post_type=product&#038;p=229"},"modified":"2021-04-27T12:47:34","modified_gmt":"2021-04-27T09:47:34","slug":"buzdolabi-orta-mentese-aeg-no-frost-pimsiz-bzd11011","status":"publish","type":"product","link":"http:\/\/www.kutupsogutma.net\/?product=buzdolabi-orta-mentese-aeg-no-frost-pimsiz-bzd11011","title":{"rendered":"BUZDOLABI ORTA MENTE\u015eE AEG-NO FROST P\u0130MS\u0130Z BZD11011"},"content":{"rendered":"<p><span style=\"vertical-align: inherit;\"><span style=\"vertical-align: inherit;\">BUZDOLABI ORTA MENTE\u015eE AEG-NO FROST P\u0130MS\u0130Z BZD11011<\/span><\/span><\/p>\n","protected":false},"excerpt":{"rendered":"<p>BUZDOLABI ORTA MENTE\u015eE AEG-NO FROST P\u0130MS\u0130Z BZD11011<\/p>\n","protected":false},"featured_media":230,"comment_status":"open","ping_status":"closed","template":"","meta":[],"product_cat":[44,19],"product_tag":[],"_links":{"self":[{"href":"http:\/\/www.kutupsogutma.net\/index.php?rest_route=\/wp\/v2\/product\/229"}],"collection":[{"href":"http:\/\/www.kutupsogutma.net\/index.php?rest_route=\/wp\/v2\/product"}],"about":[{"href":"http:\/\/www.kutupsogutma.net\/index.php?rest_route=\/wp\/v2\/types\/product"}],"replies":[{"embeddable":true,"href":"http:\/\/www.kutupsogutma.net\/index.php?rest_route=%2Fwp%2Fv2%2Fcomments&post=229"}],"wp:featuredmedia":[{"embeddable":true,"href":"http:\/\/www.kutupsogutma.net\/index.php?rest_route=\/wp\/v2\/media\/230"}],"wp:attachment":[{"href":"http:\/\/www.kutupsogutma.net\/index.php?rest_route=%2Fwp%2Fv2%2Fmedia&parent=229"}],"wp:term":[{"taxonomy":"product_cat","embeddable":true,"href":"http:\/\/www.kutupsogutma.net\/index.php?rest_route=%2Fwp%2Fv2%2Fproduct_cat&post=229"},{"taxonomy":"product_tag","embeddable":true,"href":"http:\/\/www.kutupsogutma.net\/index.php?rest_route=%2Fwp%2Fv2%2Fproduct_tag&post=229"}],"curies":[{"name":"wp","href":"https:\/\/api.w.org\/{rel}","templated":true}]}}