{"id":227,"date":"2021-04-27T12:46:29","date_gmt":"2021-04-27T09:46:29","guid":{"rendered":"http:\/\/www.kutupsogutma.net\/?post_type=product&#038;p=227"},"modified":"2021-04-27T12:46:29","modified_gmt":"2021-04-27T09:46:29","slug":"buzdolabi-orta-mentese-aeg-no-frost-pimli-bzd11010","status":"publish","type":"product","link":"http:\/\/www.kutupsogutma.net\/?product=buzdolabi-orta-mentese-aeg-no-frost-pimli-bzd11010","title":{"rendered":"BUZDOLABI ORTA MENTE\u015eE AEG-NO FROST P\u0130ML\u0130 BZD11010"},"content":{"rendered":"<p><span style=\"vertical-align: inherit;\"><span style=\"vertical-align: inherit;\">BUZDOLABI ORTA MENTE\u015eE AEG-NO FROST P\u0130ML\u0130 BZD11010<\/span><\/span><\/p>\n","protected":false},"excerpt":{"rendered":"<p>BUZDOLABI ORTA MENTE\u015eE AEG-NO FROST P\u0130ML\u0130 BZD11010<\/p>\n","protected":false},"featured_media":228,"comment_status":"open","ping_status":"closed","template":"","meta":[],"product_cat":[44,19],"product_tag":[],"_links":{"self":[{"href":"http:\/\/www.kutupsogutma.net\/index.php?rest_route=\/wp\/v2\/product\/227"}],"collection":[{"href":"http:\/\/www.kutupsogutma.net\/index.php?rest_route=\/wp\/v2\/product"}],"about":[{"href":"http:\/\/www.kutupsogutma.net\/index.php?rest_route=\/wp\/v2\/types\/product"}],"replies":[{"embeddable":true,"href":"http:\/\/www.kutupsogutma.net\/index.php?rest_route=%2Fwp%2Fv2%2Fcomments&post=227"}],"wp:featuredmedia":[{"embeddable":true,"href":"http:\/\/www.kutupsogutma.net\/index.php?rest_route=\/wp\/v2\/media\/228"}],"wp:attachment":[{"href":"http:\/\/www.kutupsogutma.net\/index.php?rest_route=%2Fwp%2Fv2%2Fmedia&parent=227"}],"wp:term":[{"taxonomy":"product_cat","embeddable":true,"href":"http:\/\/www.kutupsogutma.net\/index.php?rest_route=%2Fwp%2Fv2%2Fproduct_cat&post=227"},{"taxonomy":"product_tag","embeddable":true,"href":"http:\/\/www.kutupsogutma.net\/index.php?rest_route=%2Fwp%2Fv2%2Fproduct_tag&post=227"}],"curies":[{"name":"wp","href":"https:\/\/api.w.org\/{rel}","templated":true}]}}