{"id":2067,"date":"2021-05-07T11:26:05","date_gmt":"2021-05-07T08:26:05","guid":{"rendered":"http:\/\/www.kutupsogutma.net\/?post_type=product&#038;p=2067"},"modified":"2021-05-07T11:26:55","modified_gmt":"2021-05-07T08:26:55","slug":"supurge-tekerlek-fantom-spg10005","status":"publish","type":"product","link":"http:\/\/www.kutupsogutma.net\/?product=supurge-tekerlek-fantom-spg10005","title":{"rendered":"S\u00dcP\u00dcRGE TEKERLEK FANTOM SPG10005"},"content":{"rendered":"<p>S\u00dcP\u00dcRGE TEKERLEK FANTOM SPG10005<\/p>\n","protected":false},"excerpt":{"rendered":"<p>S\u00dcP\u00dcRGE TEKERLEK FANTOM SPG10005<\/p>\n","protected":false},"featured_media":2068,"comment_status":"open","ping_status":"closed","template":"","meta":[],"product_cat":[142,25],"product_tag":[2239,2238],"_links":{"self":[{"href":"http:\/\/www.kutupsogutma.net\/index.php?rest_route=\/wp\/v2\/product\/2067"}],"collection":[{"href":"http:\/\/www.kutupsogutma.net\/index.php?rest_route=\/wp\/v2\/product"}],"about":[{"href":"http:\/\/www.kutupsogutma.net\/index.php?rest_route=\/wp\/v2\/types\/product"}],"replies":[{"embeddable":true,"href":"http:\/\/www.kutupsogutma.net\/index.php?rest_route=%2Fwp%2Fv2%2Fcomments&post=2067"}],"wp:featuredmedia":[{"embeddable":true,"href":"http:\/\/www.kutupsogutma.net\/index.php?rest_route=\/wp\/v2\/media\/2068"}],"wp:attachment":[{"href":"http:\/\/www.kutupsogutma.net\/index.php?rest_route=%2Fwp%2Fv2%2Fmedia&parent=2067"}],"wp:term":[{"taxonomy":"product_cat","embeddable":true,"href":"http:\/\/www.kutupsogutma.net\/index.php?rest_route=%2Fwp%2Fv2%2Fproduct_cat&post=2067"},{"taxonomy":"product_tag","embeddable":true,"href":"http:\/\/www.kutupsogutma.net\/index.php?rest_route=%2Fwp%2Fv2%2Fproduct_tag&post=2067"}],"curies":[{"name":"wp","href":"https:\/\/api.w.org\/{rel}","templated":true}]}}