{"id":2063,"date":"2021-05-07T11:23:43","date_gmt":"2021-05-07T08:23:43","guid":{"rendered":"http:\/\/www.kutupsogutma.net\/?post_type=product&#038;p=2063"},"modified":"2021-05-07T11:24:45","modified_gmt":"2021-05-07T08:24:45","slug":"supurge-tekerlek-rowenta-rb50-spg10003","status":"publish","type":"product","link":"http:\/\/www.kutupsogutma.net\/?product=supurge-tekerlek-rowenta-rb50-spg10003","title":{"rendered":"S\u00dcP\u00dcRGE TEKERLEK ROWENTA RB50 SPG10003"},"content":{"rendered":"<p>S\u00dcP\u00dcRGE TEKERLEK ROWENTA RB50 SPG10003<\/p>\n","protected":false},"excerpt":{"rendered":"<p>S\u00dcP\u00dcRGE TEKERLEK ROWENTA RB50 SPG10003<\/p>\n","protected":false},"featured_media":2064,"comment_status":"open","ping_status":"closed","template":"","meta":[],"product_cat":[142,25],"product_tag":[2233,2234],"_links":{"self":[{"href":"http:\/\/www.kutupsogutma.net\/index.php?rest_route=\/wp\/v2\/product\/2063"}],"collection":[{"href":"http:\/\/www.kutupsogutma.net\/index.php?rest_route=\/wp\/v2\/product"}],"about":[{"href":"http:\/\/www.kutupsogutma.net\/index.php?rest_route=\/wp\/v2\/types\/product"}],"replies":[{"embeddable":true,"href":"http:\/\/www.kutupsogutma.net\/index.php?rest_route=%2Fwp%2Fv2%2Fcomments&post=2063"}],"wp:featuredmedia":[{"embeddable":true,"href":"http:\/\/www.kutupsogutma.net\/index.php?rest_route=\/wp\/v2\/media\/2064"}],"wp:attachment":[{"href":"http:\/\/www.kutupsogutma.net\/index.php?rest_route=%2Fwp%2Fv2%2Fmedia&parent=2063"}],"wp:term":[{"taxonomy":"product_cat","embeddable":true,"href":"http:\/\/www.kutupsogutma.net\/index.php?rest_route=%2Fwp%2Fv2%2Fproduct_cat&post=2063"},{"taxonomy":"product_tag","embeddable":true,"href":"http:\/\/www.kutupsogutma.net\/index.php?rest_route=%2Fwp%2Fv2%2Fproduct_tag&post=2063"}],"curies":[{"name":"wp","href":"https:\/\/api.w.org\/{rel}","templated":true}]}}