{"id":2059,"date":"2021-05-07T11:21:21","date_gmt":"2021-05-07T08:21:21","guid":{"rendered":"http:\/\/www.kutupsogutma.net\/?post_type=product&#038;p=2059"},"modified":"2021-05-07T11:22:22","modified_gmt":"2021-05-07T08:22:22","slug":"supurge-fakir-dirsek-spg10001","status":"publish","type":"product","link":"http:\/\/www.kutupsogutma.net\/?product=supurge-fakir-dirsek-spg10001","title":{"rendered":"S\u00dcP\u00dcRGE FAK\u0130R D\u0130RSEK SPG10001"},"content":{"rendered":"<p>S\u00dcP\u00dcRGE FAK\u0130R D\u0130RSEK SPG10001<\/p>\n","protected":false},"excerpt":{"rendered":"<p>S\u00dcP\u00dcRGE FAK\u0130R D\u0130RSEK SPG10001<\/p>\n","protected":false},"featured_media":2060,"comment_status":"open","ping_status":"closed","template":"","meta":[],"product_cat":[142,25],"product_tag":[2230],"_links":{"self":[{"href":"http:\/\/www.kutupsogutma.net\/index.php?rest_route=\/wp\/v2\/product\/2059"}],"collection":[{"href":"http:\/\/www.kutupsogutma.net\/index.php?rest_route=\/wp\/v2\/product"}],"about":[{"href":"http:\/\/www.kutupsogutma.net\/index.php?rest_route=\/wp\/v2\/types\/product"}],"replies":[{"embeddable":true,"href":"http:\/\/www.kutupsogutma.net\/index.php?rest_route=%2Fwp%2Fv2%2Fcomments&post=2059"}],"wp:featuredmedia":[{"embeddable":true,"href":"http:\/\/www.kutupsogutma.net\/index.php?rest_route=\/wp\/v2\/media\/2060"}],"wp:attachment":[{"href":"http:\/\/www.kutupsogutma.net\/index.php?rest_route=%2Fwp%2Fv2%2Fmedia&parent=2059"}],"wp:term":[{"taxonomy":"product_cat","embeddable":true,"href":"http:\/\/www.kutupsogutma.net\/index.php?rest_route=%2Fwp%2Fv2%2Fproduct_cat&post=2059"},{"taxonomy":"product_tag","embeddable":true,"href":"http:\/\/www.kutupsogutma.net\/index.php?rest_route=%2Fwp%2Fv2%2Fproduct_tag&post=2059"}],"curies":[{"name":"wp","href":"https:\/\/api.w.org\/{rel}","templated":true}]}}