{"id":2055,"date":"2021-05-07T11:19:03","date_gmt":"2021-05-07T08:19:03","guid":{"rendered":"http:\/\/www.kutupsogutma.net\/?post_type=product&#038;p=2055"},"modified":"2021-05-07T11:19:53","modified_gmt":"2021-05-07T08:19:53","slug":"supurge-kablo-5mt-spg9000","status":"publish","type":"product","link":"http:\/\/www.kutupsogutma.net\/?product=supurge-kablo-5mt-spg9000","title":{"rendered":"S\u00dcP\u00dcRGE KABLO 5MT SPG9000"},"content":{"rendered":"<p>S\u00dcP\u00dcRGE KABLO 5MT SPG9000<\/p>\n","protected":false},"excerpt":{"rendered":"<p>S\u00dcP\u00dcRGE KABLO 5MT SPG9000<\/p>\n","protected":false},"featured_media":2056,"comment_status":"open","ping_status":"closed","template":"","meta":[],"product_cat":[141,25],"product_tag":[2227],"_links":{"self":[{"href":"http:\/\/www.kutupsogutma.net\/index.php?rest_route=\/wp\/v2\/product\/2055"}],"collection":[{"href":"http:\/\/www.kutupsogutma.net\/index.php?rest_route=\/wp\/v2\/product"}],"about":[{"href":"http:\/\/www.kutupsogutma.net\/index.php?rest_route=\/wp\/v2\/types\/product"}],"replies":[{"embeddable":true,"href":"http:\/\/www.kutupsogutma.net\/index.php?rest_route=%2Fwp%2Fv2%2Fcomments&post=2055"}],"wp:featuredmedia":[{"embeddable":true,"href":"http:\/\/www.kutupsogutma.net\/index.php?rest_route=\/wp\/v2\/media\/2056"}],"wp:attachment":[{"href":"http:\/\/www.kutupsogutma.net\/index.php?rest_route=%2Fwp%2Fv2%2Fmedia&parent=2055"}],"wp:term":[{"taxonomy":"product_cat","embeddable":true,"href":"http:\/\/www.kutupsogutma.net\/index.php?rest_route=%2Fwp%2Fv2%2Fproduct_cat&post=2055"},{"taxonomy":"product_tag","embeddable":true,"href":"http:\/\/www.kutupsogutma.net\/index.php?rest_route=%2Fwp%2Fv2%2Fproduct_tag&post=2055"}],"curies":[{"name":"wp","href":"https:\/\/api.w.org\/{rel}","templated":true}]}}