{"id":2051,"date":"2021-05-07T11:16:45","date_gmt":"2021-05-07T08:16:45","guid":{"rendered":"http:\/\/www.kutupsogutma.net\/?post_type=product&#038;p=2051"},"modified":"2021-05-07T11:17:55","modified_gmt":"2021-05-07T08:17:55","slug":"supurge-radyator-emici-akro-sanayi-tip-siyah-spg8009","status":"publish","type":"product","link":"http:\/\/www.kutupsogutma.net\/?product=supurge-radyator-emici-akro-sanayi-tip-siyah-spg8009","title":{"rendered":"S\u00dcP\u00dcRGE RADYAT\u00d6R EM\u0130C\u0130 AKRO SANAY\u0130 T\u0130P S\u0130YAH SPG8009"},"content":{"rendered":"<p>S\u00dcP\u00dcRGE RADYAT\u00d6R EM\u0130C\u0130 AKRO SANAY\u0130 T\u0130P S\u0130YAH SPG8009<\/p>\n","protected":false},"excerpt":{"rendered":"<p>S\u00dcP\u00dcRGE RADYAT\u00d6R EM\u0130C\u0130 AKRO SANAY\u0130 T\u0130P S\u0130YAH SPG8009<\/p>\n","protected":false},"featured_media":2052,"comment_status":"open","ping_status":"closed","template":"","meta":[],"product_cat":[140,25],"product_tag":[2223,2224,2222],"_links":{"self":[{"href":"http:\/\/www.kutupsogutma.net\/index.php?rest_route=\/wp\/v2\/product\/2051"}],"collection":[{"href":"http:\/\/www.kutupsogutma.net\/index.php?rest_route=\/wp\/v2\/product"}],"about":[{"href":"http:\/\/www.kutupsogutma.net\/index.php?rest_route=\/wp\/v2\/types\/product"}],"replies":[{"embeddable":true,"href":"http:\/\/www.kutupsogutma.net\/index.php?rest_route=%2Fwp%2Fv2%2Fcomments&post=2051"}],"wp:featuredmedia":[{"embeddable":true,"href":"http:\/\/www.kutupsogutma.net\/index.php?rest_route=\/wp\/v2\/media\/2052"}],"wp:attachment":[{"href":"http:\/\/www.kutupsogutma.net\/index.php?rest_route=%2Fwp%2Fv2%2Fmedia&parent=2051"}],"wp:term":[{"taxonomy":"product_cat","embeddable":true,"href":"http:\/\/www.kutupsogutma.net\/index.php?rest_route=%2Fwp%2Fv2%2Fproduct_cat&post=2051"},{"taxonomy":"product_tag","embeddable":true,"href":"http:\/\/www.kutupsogutma.net\/index.php?rest_route=%2Fwp%2Fv2%2Fproduct_tag&post=2051"}],"curies":[{"name":"wp","href":"https:\/\/api.w.org\/{rel}","templated":true}]}}