{"id":2048,"date":"2021-05-07T11:13:55","date_gmt":"2021-05-07T08:13:55","guid":{"rendered":"http:\/\/www.kutupsogutma.net\/?post_type=product&#038;p=2048"},"modified":"2021-05-07T11:15:15","modified_gmt":"2021-05-07T08:15:15","slug":"supurge-radyator-emici-aeg-gri-spg8007","status":"publish","type":"product","link":"http:\/\/www.kutupsogutma.net\/?product=supurge-radyator-emici-aeg-gri-spg8007","title":{"rendered":"S\u00dcP\u00dcRGE RADYAT\u00d6R EM\u0130C\u0130 AEG GR\u0130 SPG8007"},"content":{"rendered":"<p>S\u00dcP\u00dcRGE RADYAT\u00d6R EM\u0130C\u0130 AEG GR\u0130 SPG8007<\/p>\n","protected":false},"excerpt":{"rendered":"<p>S\u00dcP\u00dcRGE RADYAT\u00d6R EM\u0130C\u0130 AEG GR\u0130 SPG8007<\/p>\n","protected":false},"featured_media":2049,"comment_status":"open","ping_status":"closed","template":"","meta":[],"product_cat":[140,25],"product_tag":[2219],"_links":{"self":[{"href":"http:\/\/www.kutupsogutma.net\/index.php?rest_route=\/wp\/v2\/product\/2048"}],"collection":[{"href":"http:\/\/www.kutupsogutma.net\/index.php?rest_route=\/wp\/v2\/product"}],"about":[{"href":"http:\/\/www.kutupsogutma.net\/index.php?rest_route=\/wp\/v2\/types\/product"}],"replies":[{"embeddable":true,"href":"http:\/\/www.kutupsogutma.net\/index.php?rest_route=%2Fwp%2Fv2%2Fcomments&post=2048"}],"wp:featuredmedia":[{"embeddable":true,"href":"http:\/\/www.kutupsogutma.net\/index.php?rest_route=\/wp\/v2\/media\/2049"}],"wp:attachment":[{"href":"http:\/\/www.kutupsogutma.net\/index.php?rest_route=%2Fwp%2Fv2%2Fmedia&parent=2048"}],"wp:term":[{"taxonomy":"product_cat","embeddable":true,"href":"http:\/\/www.kutupsogutma.net\/index.php?rest_route=%2Fwp%2Fv2%2Fproduct_cat&post=2048"},{"taxonomy":"product_tag","embeddable":true,"href":"http:\/\/www.kutupsogutma.net\/index.php?rest_route=%2Fwp%2Fv2%2Fproduct_tag&post=2048"}],"curies":[{"name":"wp","href":"https:\/\/api.w.org\/{rel}","templated":true}]}}