{"id":2046,"date":"2021-05-07T11:12:40","date_gmt":"2021-05-07T08:12:40","guid":{"rendered":"http:\/\/www.kutupsogutma.net\/?post_type=product&#038;p=2046"},"modified":"2021-05-07T11:13:40","modified_gmt":"2021-05-07T08:13:40","slug":"supurge-perde-emici-aeg-kadifeli-kucuk-gri-spg8006","status":"publish","type":"product","link":"http:\/\/www.kutupsogutma.net\/?product=supurge-perde-emici-aeg-kadifeli-kucuk-gri-spg8006","title":{"rendered":"S\u00dcP\u00dcRGE PERDE EM\u0130C\u0130 AEG KAD\u0130FEL\u0130 K\u00dc\u00c7\u00dcK GR\u0130 SPG8006"},"content":{"rendered":"<p>S\u00dcP\u00dcRGE PERDE EM\u0130C\u0130 AEG KAD\u0130FEL\u0130 K\u00dc\u00c7\u00dcK GR\u0130 SPG8006<\/p>\n","protected":false},"excerpt":{"rendered":"<p>S\u00dcP\u00dcRGE PERDE EM\u0130C\u0130 AEG KAD\u0130FEL\u0130 K\u00dc\u00c7\u00dcK GR\u0130 SPG8006<\/p>\n","protected":false},"featured_media":2047,"comment_status":"open","ping_status":"closed","template":"","meta":[],"product_cat":[140,25],"product_tag":[2211,2215,2212,2218,2214,2213,2210],"_links":{"self":[{"href":"http:\/\/www.kutupsogutma.net\/index.php?rest_route=\/wp\/v2\/product\/2046"}],"collection":[{"href":"http:\/\/www.kutupsogutma.net\/index.php?rest_route=\/wp\/v2\/product"}],"about":[{"href":"http:\/\/www.kutupsogutma.net\/index.php?rest_route=\/wp\/v2\/types\/product"}],"replies":[{"embeddable":true,"href":"http:\/\/www.kutupsogutma.net\/index.php?rest_route=%2Fwp%2Fv2%2Fcomments&post=2046"}],"wp:featuredmedia":[{"embeddable":true,"href":"http:\/\/www.kutupsogutma.net\/index.php?rest_route=\/wp\/v2\/media\/2047"}],"wp:attachment":[{"href":"http:\/\/www.kutupsogutma.net\/index.php?rest_route=%2Fwp%2Fv2%2Fmedia&parent=2046"}],"wp:term":[{"taxonomy":"product_cat","embeddable":true,"href":"http:\/\/www.kutupsogutma.net\/index.php?rest_route=%2Fwp%2Fv2%2Fproduct_cat&post=2046"},{"taxonomy":"product_tag","embeddable":true,"href":"http:\/\/www.kutupsogutma.net\/index.php?rest_route=%2Fwp%2Fv2%2Fproduct_tag&post=2046"}],"curies":[{"name":"wp","href":"https:\/\/api.w.org\/{rel}","templated":true}]}}