{"id":2045,"date":"2021-05-07T11:12:22","date_gmt":"2021-05-07T08:12:22","guid":{"rendered":"http:\/\/www.kutupsogutma.net\/?post_type=product&#038;p=2045"},"modified":"2021-05-07T11:16:39","modified_gmt":"2021-05-07T08:16:39","slug":"supurge-radyator-emici-arcelik-rowenta-siyah-spg8008","status":"publish","type":"product","link":"http:\/\/www.kutupsogutma.net\/?product=supurge-radyator-emici-arcelik-rowenta-siyah-spg8008","title":{"rendered":"S\u00dcP\u00dcRGE RADYAT\u00d6R EM\u0130C\u0130 AR\u00c7EL\u0130K-ROWENTA S\u0130YAH SPG8008"},"content":{"rendered":"<p>S\u00dcP\u00dcRGE RADYAT\u00d6R EM\u0130C\u0130 AR\u00c7EL\u0130K-ROWENTA S\u0130YAH SPG8008<\/p>\n","protected":false},"excerpt":{"rendered":"<p>S\u00dcP\u00dcRGE RADYAT\u00d6R EM\u0130C\u0130 AR\u00c7EL\u0130K-ROWENTA S\u0130YAH SPG8008<\/p>\n","protected":false},"featured_media":2050,"comment_status":"open","ping_status":"closed","template":"","meta":[],"product_cat":[140,25],"product_tag":[2221,2220],"_links":{"self":[{"href":"http:\/\/www.kutupsogutma.net\/index.php?rest_route=\/wp\/v2\/product\/2045"}],"collection":[{"href":"http:\/\/www.kutupsogutma.net\/index.php?rest_route=\/wp\/v2\/product"}],"about":[{"href":"http:\/\/www.kutupsogutma.net\/index.php?rest_route=\/wp\/v2\/types\/product"}],"replies":[{"embeddable":true,"href":"http:\/\/www.kutupsogutma.net\/index.php?rest_route=%2Fwp%2Fv2%2Fcomments&post=2045"}],"wp:featuredmedia":[{"embeddable":true,"href":"http:\/\/www.kutupsogutma.net\/index.php?rest_route=\/wp\/v2\/media\/2050"}],"wp:attachment":[{"href":"http:\/\/www.kutupsogutma.net\/index.php?rest_route=%2Fwp%2Fv2%2Fmedia&parent=2045"}],"wp:term":[{"taxonomy":"product_cat","embeddable":true,"href":"http:\/\/www.kutupsogutma.net\/index.php?rest_route=%2Fwp%2Fv2%2Fproduct_cat&post=2045"},{"taxonomy":"product_tag","embeddable":true,"href":"http:\/\/www.kutupsogutma.net\/index.php?rest_route=%2Fwp%2Fv2%2Fproduct_tag&post=2045"}],"curies":[{"name":"wp","href":"https:\/\/api.w.org\/{rel}","templated":true}]}}