{"id":2037,"date":"2021-05-07T11:06:45","date_gmt":"2021-05-07T08:06:45","guid":{"rendered":"http:\/\/www.kutupsogutma.net\/?post_type=product&#038;p=2037"},"modified":"2021-05-07T11:07:56","modified_gmt":"2021-05-07T08:07:56","slug":"supurge-hali-emici-aeg-genis-baslik-spg8001","status":"publish","type":"product","link":"http:\/\/www.kutupsogutma.net\/?product=supurge-hali-emici-aeg-genis-baslik-spg8001","title":{"rendered":"S\u00dcP\u00dcRGE HALI EM\u0130C\u0130 AEG GEN\u0130\u015e BA\u015eLIK SPG8001"},"content":{"rendered":"<p>S\u00dcP\u00dcRGE HALI EM\u0130C\u0130 AEG GEN\u0130\u015e BA\u015eLIK SPG8001<\/p>\n","protected":false},"excerpt":{"rendered":"<p>S\u00dcP\u00dcRGE HALI EM\u0130C\u0130 AEG GEN\u0130\u015e BA\u015eLIK SPG8001<\/p>\n","protected":false},"featured_media":2036,"comment_status":"open","ping_status":"closed","template":"","meta":[],"product_cat":[140,25],"product_tag":[2211,2215,2212,2214,2213,2210],"_links":{"self":[{"href":"http:\/\/www.kutupsogutma.net\/index.php?rest_route=\/wp\/v2\/product\/2037"}],"collection":[{"href":"http:\/\/www.kutupsogutma.net\/index.php?rest_route=\/wp\/v2\/product"}],"about":[{"href":"http:\/\/www.kutupsogutma.net\/index.php?rest_route=\/wp\/v2\/types\/product"}],"replies":[{"embeddable":true,"href":"http:\/\/www.kutupsogutma.net\/index.php?rest_route=%2Fwp%2Fv2%2Fcomments&post=2037"}],"wp:featuredmedia":[{"embeddable":true,"href":"http:\/\/www.kutupsogutma.net\/index.php?rest_route=\/wp\/v2\/media\/2036"}],"wp:attachment":[{"href":"http:\/\/www.kutupsogutma.net\/index.php?rest_route=%2Fwp%2Fv2%2Fmedia&parent=2037"}],"wp:term":[{"taxonomy":"product_cat","embeddable":true,"href":"http:\/\/www.kutupsogutma.net\/index.php?rest_route=%2Fwp%2Fv2%2Fproduct_cat&post=2037"},{"taxonomy":"product_tag","embeddable":true,"href":"http:\/\/www.kutupsogutma.net\/index.php?rest_route=%2Fwp%2Fv2%2Fproduct_tag&post=2037"}],"curies":[{"name":"wp","href":"https:\/\/api.w.org\/{rel}","templated":true}]}}