{"id":2035,"date":"2021-05-07T11:05:26","date_gmt":"2021-05-07T08:05:26","guid":{"rendered":"http:\/\/www.kutupsogutma.net\/?post_type=product&#038;p=2035"},"modified":"2021-05-07T11:06:38","modified_gmt":"2021-05-07T08:06:38","slug":"supurge-hali-emici-arcelik-rowenta-dar-baslik-spg8000","status":"publish","type":"product","link":"http:\/\/www.kutupsogutma.net\/?product=supurge-hali-emici-arcelik-rowenta-dar-baslik-spg8000","title":{"rendered":"S\u00dcP\u00dcRGE HALI EM\u0130C\u0130 AR\u00c7EL\u0130K-ROWENTA DAR BA\u015eLIK SPG8000"},"content":{"rendered":"<p>S\u00dcP\u00dcRGE HALI EM\u0130C\u0130 AR\u00c7EL\u0130K-ROWENTA DAR BA\u015eLIK SPG8000<\/p>\n","protected":false},"excerpt":{"rendered":"<p>S\u00dcP\u00dcRGE HALI EM\u0130C\u0130 AR\u00c7EL\u0130K-ROWENTA DAR BA\u015eLIK SPG8000<\/p>\n","protected":false},"featured_media":2036,"comment_status":"open","ping_status":"closed","template":"","meta":[],"product_cat":[140,25],"product_tag":[2209,2208],"_links":{"self":[{"href":"http:\/\/www.kutupsogutma.net\/index.php?rest_route=\/wp\/v2\/product\/2035"}],"collection":[{"href":"http:\/\/www.kutupsogutma.net\/index.php?rest_route=\/wp\/v2\/product"}],"about":[{"href":"http:\/\/www.kutupsogutma.net\/index.php?rest_route=\/wp\/v2\/types\/product"}],"replies":[{"embeddable":true,"href":"http:\/\/www.kutupsogutma.net\/index.php?rest_route=%2Fwp%2Fv2%2Fcomments&post=2035"}],"wp:featuredmedia":[{"embeddable":true,"href":"http:\/\/www.kutupsogutma.net\/index.php?rest_route=\/wp\/v2\/media\/2036"}],"wp:attachment":[{"href":"http:\/\/www.kutupsogutma.net\/index.php?rest_route=%2Fwp%2Fv2%2Fmedia&parent=2035"}],"wp:term":[{"taxonomy":"product_cat","embeddable":true,"href":"http:\/\/www.kutupsogutma.net\/index.php?rest_route=%2Fwp%2Fv2%2Fproduct_cat&post=2035"},{"taxonomy":"product_tag","embeddable":true,"href":"http:\/\/www.kutupsogutma.net\/index.php?rest_route=%2Fwp%2Fv2%2Fproduct_tag&post=2035"}],"curies":[{"name":"wp","href":"https:\/\/api.w.org\/{rel}","templated":true}]}}