{"id":2033,"date":"2021-05-07T11:03:53","date_gmt":"2021-05-07T08:03:53","guid":{"rendered":"http:\/\/www.kutupsogutma.net\/?post_type=product&#038;p=2033"},"modified":"2021-05-07T11:04:54","modified_gmt":"2021-05-07T08:04:54","slug":"supurge-bez-torba-rowenta-kazanli-yuvarlak-spg7038","status":"publish","type":"product","link":"http:\/\/www.kutupsogutma.net\/?product=supurge-bez-torba-rowenta-kazanli-yuvarlak-spg7038","title":{"rendered":"S\u00dcP\u00dcRGE BEZ TORBA ROWENTA KAZANLI YUVARLAK SPG7038"},"content":{"rendered":"<p>S\u00dcP\u00dcRGE BEZ TORBA ROWENTA KAZANLI YUVARLAK SPG7038<\/p>\n","protected":false},"excerpt":{"rendered":"<p>S\u00dcP\u00dcRGE BEZ TORBA ROWENTA KAZANLI YUVARLAK SPG7038<\/p>\n","protected":false},"featured_media":2034,"comment_status":"open","ping_status":"closed","template":"","meta":[],"product_cat":[139,25],"product_tag":[2207,2206],"_links":{"self":[{"href":"http:\/\/www.kutupsogutma.net\/index.php?rest_route=\/wp\/v2\/product\/2033"}],"collection":[{"href":"http:\/\/www.kutupsogutma.net\/index.php?rest_route=\/wp\/v2\/product"}],"about":[{"href":"http:\/\/www.kutupsogutma.net\/index.php?rest_route=\/wp\/v2\/types\/product"}],"replies":[{"embeddable":true,"href":"http:\/\/www.kutupsogutma.net\/index.php?rest_route=%2Fwp%2Fv2%2Fcomments&post=2033"}],"wp:featuredmedia":[{"embeddable":true,"href":"http:\/\/www.kutupsogutma.net\/index.php?rest_route=\/wp\/v2\/media\/2034"}],"wp:attachment":[{"href":"http:\/\/www.kutupsogutma.net\/index.php?rest_route=%2Fwp%2Fv2%2Fmedia&parent=2033"}],"wp:term":[{"taxonomy":"product_cat","embeddable":true,"href":"http:\/\/www.kutupsogutma.net\/index.php?rest_route=%2Fwp%2Fv2%2Fproduct_cat&post=2033"},{"taxonomy":"product_tag","embeddable":true,"href":"http:\/\/www.kutupsogutma.net\/index.php?rest_route=%2Fwp%2Fv2%2Fproduct_tag&post=2033"}],"curies":[{"name":"wp","href":"https:\/\/api.w.org\/{rel}","templated":true}]}}