{"id":2031,"date":"2021-05-07T11:02:07","date_gmt":"2021-05-07T08:02:07","guid":{"rendered":"http:\/\/www.kutupsogutma.net\/?post_type=product&#038;p=2031"},"modified":"2021-05-07T11:03:42","modified_gmt":"2021-05-07T08:03:42","slug":"supurge-bez-torba-bosch-siemens-bosaltmali-spg7036","status":"publish","type":"product","link":"http:\/\/www.kutupsogutma.net\/?product=supurge-bez-torba-bosch-siemens-bosaltmali-spg7036","title":{"rendered":"S\u00dcP\u00dcRGE BEZ TORBA BOSCH-S\u0130EMENS BO\u015eALTMALI SPG7036"},"content":{"rendered":"<p>S\u00dcP\u00dcRGE BEZ TORBA BOSCH-S\u0130EMENS BO\u015eALTMALI SPG7036<\/p>\n","protected":false},"excerpt":{"rendered":"<p>S\u00dcP\u00dcRGE BEZ TORBA BOSCH-S\u0130EMENS BO\u015eALTMALI SPG7036<\/p>\n","protected":false},"featured_media":2032,"comment_status":"open","ping_status":"closed","template":"","meta":[],"product_cat":[139,25],"product_tag":[2204,2203,2205,2202],"_links":{"self":[{"href":"http:\/\/www.kutupsogutma.net\/index.php?rest_route=\/wp\/v2\/product\/2031"}],"collection":[{"href":"http:\/\/www.kutupsogutma.net\/index.php?rest_route=\/wp\/v2\/product"}],"about":[{"href":"http:\/\/www.kutupsogutma.net\/index.php?rest_route=\/wp\/v2\/types\/product"}],"replies":[{"embeddable":true,"href":"http:\/\/www.kutupsogutma.net\/index.php?rest_route=%2Fwp%2Fv2%2Fcomments&post=2031"}],"wp:featuredmedia":[{"embeddable":true,"href":"http:\/\/www.kutupsogutma.net\/index.php?rest_route=\/wp\/v2\/media\/2032"}],"wp:attachment":[{"href":"http:\/\/www.kutupsogutma.net\/index.php?rest_route=%2Fwp%2Fv2%2Fmedia&parent=2031"}],"wp:term":[{"taxonomy":"product_cat","embeddable":true,"href":"http:\/\/www.kutupsogutma.net\/index.php?rest_route=%2Fwp%2Fv2%2Fproduct_cat&post=2031"},{"taxonomy":"product_tag","embeddable":true,"href":"http:\/\/www.kutupsogutma.net\/index.php?rest_route=%2Fwp%2Fv2%2Fproduct_tag&post=2031"}],"curies":[{"name":"wp","href":"https:\/\/api.w.org\/{rel}","templated":true}]}}