{"id":2029,"date":"2021-05-07T11:00:43","date_gmt":"2021-05-07T08:00:43","guid":{"rendered":"http:\/\/www.kutupsogutma.net\/?post_type=product&#038;p=2029"},"modified":"2021-05-07T11:01:59","modified_gmt":"2021-05-07T08:01:59","slug":"supurge-bez-torba-arcelik-bosaltmali-spg7035","status":"publish","type":"product","link":"http:\/\/www.kutupsogutma.net\/?product=supurge-bez-torba-arcelik-bosaltmali-spg7035","title":{"rendered":"S\u00dcP\u00dcRGE BEZ TORBA AR\u00c7EL\u0130K BO\u015eALTMALI SPG7035"},"content":{"rendered":"<p>S\u00dcP\u00dcRGE BEZ TORBA AR\u00c7EL\u0130K BO\u015eALTMALI SPG7035<\/p>\n","protected":false},"excerpt":{"rendered":"<p>S\u00dcP\u00dcRGE BEZ TORBA AR\u00c7EL\u0130K BO\u015eALTMALI SPG7035<\/p>\n","protected":false},"featured_media":2030,"comment_status":"open","ping_status":"closed","template":"","meta":[],"product_cat":[139,25],"product_tag":[2200,2201,2199],"_links":{"self":[{"href":"http:\/\/www.kutupsogutma.net\/index.php?rest_route=\/wp\/v2\/product\/2029"}],"collection":[{"href":"http:\/\/www.kutupsogutma.net\/index.php?rest_route=\/wp\/v2\/product"}],"about":[{"href":"http:\/\/www.kutupsogutma.net\/index.php?rest_route=\/wp\/v2\/types\/product"}],"replies":[{"embeddable":true,"href":"http:\/\/www.kutupsogutma.net\/index.php?rest_route=%2Fwp%2Fv2%2Fcomments&post=2029"}],"wp:featuredmedia":[{"embeddable":true,"href":"http:\/\/www.kutupsogutma.net\/index.php?rest_route=\/wp\/v2\/media\/2030"}],"wp:attachment":[{"href":"http:\/\/www.kutupsogutma.net\/index.php?rest_route=%2Fwp%2Fv2%2Fmedia&parent=2029"}],"wp:term":[{"taxonomy":"product_cat","embeddable":true,"href":"http:\/\/www.kutupsogutma.net\/index.php?rest_route=%2Fwp%2Fv2%2Fproduct_cat&post=2029"},{"taxonomy":"product_tag","embeddable":true,"href":"http:\/\/www.kutupsogutma.net\/index.php?rest_route=%2Fwp%2Fv2%2Fproduct_tag&post=2029"}],"curies":[{"name":"wp","href":"https:\/\/api.w.org\/{rel}","templated":true}]}}