{"id":2027,"date":"2021-05-07T10:59:41","date_gmt":"2021-05-07T07:59:41","guid":{"rendered":"http:\/\/www.kutupsogutma.net\/?post_type=product&#038;p=2027"},"modified":"2021-05-07T11:00:37","modified_gmt":"2021-05-07T08:00:37","slug":"supurge-bez-torba-nilfisk-power-king-spg7034","status":"publish","type":"product","link":"http:\/\/www.kutupsogutma.net\/?product=supurge-bez-torba-nilfisk-power-king-spg7034","title":{"rendered":"S\u00dcP\u00dcRGE BEZ TORBA N\u0130LF\u0130SK POWER-K\u0130NG SPG7034"},"content":{"rendered":"<p>S\u00dcP\u00dcRGE BEZ TORBA N\u0130LF\u0130SK POWER-K\u0130NG SPG7034<\/p>\n","protected":false},"excerpt":{"rendered":"<p>S\u00dcP\u00dcRGE BEZ TORBA N\u0130LF\u0130SK POWER-K\u0130NG SPG7034<\/p>\n","protected":false},"featured_media":2028,"comment_status":"open","ping_status":"closed","template":"","meta":[],"product_cat":[139,25],"product_tag":[2198,2197],"_links":{"self":[{"href":"http:\/\/www.kutupsogutma.net\/index.php?rest_route=\/wp\/v2\/product\/2027"}],"collection":[{"href":"http:\/\/www.kutupsogutma.net\/index.php?rest_route=\/wp\/v2\/product"}],"about":[{"href":"http:\/\/www.kutupsogutma.net\/index.php?rest_route=\/wp\/v2\/types\/product"}],"replies":[{"embeddable":true,"href":"http:\/\/www.kutupsogutma.net\/index.php?rest_route=%2Fwp%2Fv2%2Fcomments&post=2027"}],"wp:featuredmedia":[{"embeddable":true,"href":"http:\/\/www.kutupsogutma.net\/index.php?rest_route=\/wp\/v2\/media\/2028"}],"wp:attachment":[{"href":"http:\/\/www.kutupsogutma.net\/index.php?rest_route=%2Fwp%2Fv2%2Fmedia&parent=2027"}],"wp:term":[{"taxonomy":"product_cat","embeddable":true,"href":"http:\/\/www.kutupsogutma.net\/index.php?rest_route=%2Fwp%2Fv2%2Fproduct_cat&post=2027"},{"taxonomy":"product_tag","embeddable":true,"href":"http:\/\/www.kutupsogutma.net\/index.php?rest_route=%2Fwp%2Fv2%2Fproduct_tag&post=2027"}],"curies":[{"name":"wp","href":"https:\/\/api.w.org\/{rel}","templated":true}]}}