{"id":2020,"date":"2021-05-07T10:49:03","date_gmt":"2021-05-07T07:49:03","guid":{"rendered":"http:\/\/www.kutupsogutma.net\/?post_type=product&#038;p=2020"},"modified":"2021-05-07T10:49:58","modified_gmt":"2021-05-07T07:49:58","slug":"supurge-bez-torba-arcelik-beko-tt635-spg7030","status":"publish","type":"product","link":"http:\/\/www.kutupsogutma.net\/?product=supurge-bez-torba-arcelik-beko-tt635-spg7030","title":{"rendered":"S\u00dcP\u00dcRGE BEZ TORBA AR\u00c7EL\u0130K-BEKO TT635 SPG7030"},"content":{"rendered":"<p>S\u00dcP\u00dcRGE BEZ TORBA AR\u00c7EL\u0130K-BEKO TT635 SPG7030<\/p>\n","protected":false},"excerpt":{"rendered":"<p>S\u00dcP\u00dcRGE BEZ TORBA AR\u00c7EL\u0130K-BEKO TT635 SPG7030<\/p>\n","protected":false},"featured_media":2021,"comment_status":"open","ping_status":"closed","template":"","meta":[],"product_cat":[139,25],"product_tag":[2188,2187],"_links":{"self":[{"href":"http:\/\/www.kutupsogutma.net\/index.php?rest_route=\/wp\/v2\/product\/2020"}],"collection":[{"href":"http:\/\/www.kutupsogutma.net\/index.php?rest_route=\/wp\/v2\/product"}],"about":[{"href":"http:\/\/www.kutupsogutma.net\/index.php?rest_route=\/wp\/v2\/types\/product"}],"replies":[{"embeddable":true,"href":"http:\/\/www.kutupsogutma.net\/index.php?rest_route=%2Fwp%2Fv2%2Fcomments&post=2020"}],"wp:featuredmedia":[{"embeddable":true,"href":"http:\/\/www.kutupsogutma.net\/index.php?rest_route=\/wp\/v2\/media\/2021"}],"wp:attachment":[{"href":"http:\/\/www.kutupsogutma.net\/index.php?rest_route=%2Fwp%2Fv2%2Fmedia&parent=2020"}],"wp:term":[{"taxonomy":"product_cat","embeddable":true,"href":"http:\/\/www.kutupsogutma.net\/index.php?rest_route=%2Fwp%2Fv2%2Fproduct_cat&post=2020"},{"taxonomy":"product_tag","embeddable":true,"href":"http:\/\/www.kutupsogutma.net\/index.php?rest_route=%2Fwp%2Fv2%2Fproduct_tag&post=2020"}],"curies":[{"name":"wp","href":"https:\/\/api.w.org\/{rel}","templated":true}]}}